{"id":2252,"date":"2021-06-08T08:56:43","date_gmt":"2021-06-08T08:56:43","guid":{"rendered":"https:\/\/demo.forbrain.com\/about-us\/"},"modified":"2025-09-19T13:17:02","modified_gmt":"2025-09-19T13:17:02","slug":"o-nas","status":"publish","type":"page","link":"https:\/\/www.forbrain.com\/pl\/o-nas\/","title":{"rendered":"O nas | Forbrain"},"content":{"rendered":"\n<style type=\"text\/css\">\n#hero__block_c356f581bac18757d3318dc97a9f018e {\n\tpadding-top: 30px;\n\tpadding-bottom: px;\n}\n\n@media (min-width: 992px) {\n\t#hero__block_c356f581bac18757d3318dc97a9f018e {\n\t\t\t\tbackground-image: url('https:\/\/www.forbrain.com\/wp-content\/uploads\/2021\/06\/abousus-banner.jpg');\n\t\tbackground-position: right center;\n\t\tbackground-size: cover;\n\t\t\t\tpadding-top: 100px;\n\t\tpadding-bottom: 115px;\n\t}\n}\n<\/style>\n\n<div id=\"hero__block_c356f581bac18757d3318dc97a9f018e\" class=\"o-hero background content -white\">\n\t<div class=\"container\">\n\n\t\t<div class=\"row\">\n\t\t\t<div class=\"col-12 col-lg-7\">\n\t\t\t\t<h1 class=\"m-hero__title\">Zmieniamy na lepsze \u017cycie ludzi na ca\u0142ym \u015bwiecie<\/h1>\n\t\t\t<\/div>\n\t\t<\/div>\n\n\t\t<div class=\"row\">\n\t\t\t<div class=\"col-12 col-lg-7\">\n\t\t\t\t<h5 class=\"m-hero__description\">Sound for Life to wiod\u0105ca firma neurotechnologiczna. Nasze s\u0142uchawki stumuluj\u0105ce m\u00f3zg pomagaj\u0105 ludziom w ka\u017cdym wieku realizowa\u0107 w pe\u0142ni sw\u00f3j potencja\u0142. <\/h5>\n\t\t\t\t\n\t\t\t\t<div class=\"m-hero__ctas\">\n\t\t\t\t\t\t\t\t\n\t\t\t\t\t\t\t\t<\/div>\n\t\t\t\t\n\t\t\t<\/div>\n\t\t<\/div>\n\n\t\t<div class=\"d-lg-none row\">\n\t\t\t\t\t\t<img decoding=\"async\" class=\"m-hero__imageMobile \" src=\"https:\/\/www.forbrain.com\/wp-content\/uploads\/2021\/06\/aboutus-banner-mobile.jpg\">\n\t\t\t\t\t<\/div>\n\n\t<\/div>\n<\/div>\n\n\r\n<style type=\"text\/css\">\r\n#stickyNav__block_a132437a2fc81d40536da216bd17bb2b {\r\n\tpadding-top: 20px;\r\n\tpadding-bottom: 20px;\r\n}\r\n\r\n@media (min-width: 992px) {\r\n\t#stickyNav__block_a132437a2fc81d40536da216bd17bb2b {\r\n\t\tpadding-top: 25px;\r\n\t\tpadding-bottom: 25px;\r\n\t}\r\n}\r\n<\/style>\r\n\r\n<div id=\"stickyNav__block_a132437a2fc81d40536da216bd17bb2b\" class=\"o-stickyNav background content -blue -dark\">\r\n\t<div class=\"container\">\r\n\t\t<div class=\"m-stickyNav__wrap d-flex justify-content-center\">\r\n\t\t\t<nav class=\"m-stickyNav__nav\">\t\t\t\t\t\t<a class=\"stickyNav\" href=\"#our-company\">O firmie<\/a>\r\n\t\t\t\t\t\t\t\t\t\t\t<a class=\"stickyNav\" href=\"#contact-us\">Kontakt<\/a>\r\n\t\t\t\t\t\t\t\t\t\t\t<a class=\"stickyNav\" href=\"#our-affiliate-program\">Program afiliacyjny<\/a>\r\n\t\t\t\t\t<\/nav>\t\t<\/div>\r\n\t<\/div>\r\n\r\n<\/div>\n\n\n<style type=\"text\/css\">\n.block_e4bf0188e4978d56762f9f186cd6c916 {\n\tpadding-top: 50px;\n\tpadding-bottom: 50px;\n}\n\t.block_e4bf0188e4978d56762f9f186cd6c916 .m-textAndImage__image  img{\n\t\tmax-width: 100% !important;\n\t}\n\n\n@media (min-width: 992px) {\n\t.block_e4bf0188e4978d56762f9f186cd6c916 {\n\t\tpadding-top: 100px;\n\t\tpadding-bottom: 50px;\n\t}\n}\n<\/style>\n\n\n<div id=\"our-company\" class=\"o-textAndImage background content -white  block_e4bf0188e4978d56762f9f186cd6c916 layoutV1 image-text\">\n\t<div class=\"container\">\n\t\t<div class=\"row\">\n\t\t\t<div class=\"col-12\">\n\t\t\t\t\t\t\t\t<h2 class=\"color -blue text-lg-center\">O firmie<\/h2>\n\t\t\t\t\t\t\t<\/div>\n\t\t<\/div>\n\n\t\t<div class=\"row\">\n\t\t\n\t\t\t<div class=\"col-12 d-none\">\n\t\t\t\t<p class=\"overlineText color -blue\"><\/p>\n\t\t\t<\/div>\n\t\t\t\n\t\t\t<div class=\"col-12 col-lg-5 offset-lg-1 order-2 order-lg-2\">\n\t\t\t\t<div class=\"m-textAndImage__content\" data-aos=\"fade-left\">\n\t\t\t\t\t<p class=\"overlineText color -blue \"><\/p>\n\t\t\t\t\t<div class=\"m-textAndImage__richtext\">\n\t\t\t\t\t\t<p>Sp\u00f3\u0142ka <a href=\"https:\/\/soundforlife.com\" target=\"_blank\" rel=\"noopener\">Sound for Life<\/a> zosta\u0142a za\u0142o\u017cona w 2014 r. przez w\u0142a\u015bcicieli Metody Tomatisa\u00ae, \u015bwiatowego lidera w dziedzinie stymulacji s\u0142uchowej. Celem powstania Sound for Life by\u0142 rozw\u00f3j i wprowadzanie na rynek innowacyjnych, \u0142atwych w obs\u0142udze i przyst\u0119pnych cenowo produkt\u00f3w do stymulacji m\u00f3zgu <a href=\"https:\/\/www.tomatis.com\/en\/company\" target=\"_blank\" rel=\"noopener\">Tomatis<\/a>, kieruje swoj\u0105 ofert\u0119 do specjalist\u00f3w Metody Tomatisa\u00ae, kt\u00f3rzy dzia\u0142aj\u0105 w ponad 3000 centrach i gabinetach terapii na ca\u0142ym \u015bwiecie, zapewniaj\u0105c dost\u0119p do Metody Tomatisa\u00ae m.in. osobom z trudno\u015bciami w uczeniu si\u0119. Sound for Life, w ramach uzupe\u0142nienia Metody Tomatisa\u00ae, oferuje swoje produkty u\u017cytkownikom poszukuj\u0105cym przyst\u0119pnych cenowo i \u0142atwych w u\u017cyciu metod pobudzania m\u00f3zgu.<\/p>\n<p>Nasz\u0105 wsp\u00f3ln\u0105 misj\u0105 jest pomoc dzieciom, m\u0142odzie\u017cy i doros\u0142ym na ca\u0142ym \u015bwiecie w uzyskiwaniu lepszych wynik\u00f3w w nauce i komunikacji. Chocia\u017c nasza g\u0142\u00f3wna siedziba mie\u015bci si\u0119 w Hongkongu, a badania i rozw\u00f3j prowadzone s\u0105 w r\u00f3\u017cnych miejscach w Europie, to jednak pomimo odleg\u0142o\u015bci \u0142\u0105czy nas jeden cel \u2013 umo\u017cliwienie wszystkim ludziom, niezale\u017cnie od grupy wiekowej, spo\u0142ecznej i zawodowej, wykorzystania w pe\u0142ni drzemi\u0105cego w nich potencja\u0142u.<\/p>\n<p>Pierwszym produktem naszej firmy by\u0142y chronione patentem s\u0142uchawki Forbrain, s\u0142u\u017c\u0105ce do intensywnego treningu m\u00f3zgu. Nast\u0119pnie wprowadzili\u015bmy do sprzeda\u017cy Soundsory, program muzyczno-ruchowy do rozwijania integracji multisensorycznej. Jako firma pionierska w dziedzinie neurotechnologii, nieprzerwanie prowadzimy dzia\u0142alno\u015b\u0107 badawczo-rozwojow\u0105, zmierzaj\u0105c\u0105 do dalszego ulepszania s\u0142uchawek Forbrain oraz wprowadzania nowych, prze\u0142omowych technologii. Wi\u0119cej o nadchodz\u0105cych nowo\u015bciach w\u015br\u00f3d naszych produkt\u00f3w mo\u017cna dowiedzie\u0107 si\u0119 <a href=\"http:\/\/blog.forbrain.com\/\">na blogu<\/a>.<\/p>\n\t\t\t\t\t<\/div>\n\t\t\t\t<\/div>\n\t\t\t<\/div>\n\t\t\t<div class=\"col-12 col-lg-6 order-1 order-lg-1 mb-5 mb-lg-0\">\n\t\t\t\t<div class=\"m-textAndImage__image \" data-aos=\"fade-right\">\n\t\t\t\t\t\t\t\t\t\t\t<img class=\"fullwidth\" src='https:\/\/www.forbrain.com\/wp-content\/uploads\/2021\/06\/our-company.png' \/>\n\t\t\t\t\t\t\t\t\t\t\t\t\t\t\t\t\t\t\t\t\n\t\t\t\t<\/div>\n\t\t\t<\/div>\n\t\t<\/div>\n\t\n\t<\/div>\n\n<\/div>\n\n\n<div class=\"wp-block-buttons is-content-justification-center is-layout-flex wp-container-core-buttons-is-layout-16018d1d wp-block-buttons-is-layout-flex\">\n<div class=\"wp-block-button\"><a class=\"wp-block-button__link has-background wp-element-button\" href=\"https:\/\/soundforlife.com\/#offices\" style=\"background-color:#0199dc\">Nasze biura i dystrybutorzy<\/a><\/div>\n<\/div>\n\n\n\n<style type=\"text\/css\">\n#twoColumnTiles__block_8170c5fbb0bc1f3bf3a3a41ca414e668 {\n\tpadding-top: 30px;\n\tpadding-bottom: 40px;\n}\n\n#twoColumnTiles__block_8170c5fbb0bc1f3bf3a3a41ca414e668 .m-twoColumnTiles__title {\n\tcolor: #ffffff;\n}\n\n@media (min-width: 992px) {\n\t#twoColumnTiles__block_8170c5fbb0bc1f3bf3a3a41ca414e668 {\n\t\tpadding-top: 0px;\n\t\tpadding-bottom: 0px;\n\t}\n}\n<\/style>\n\n<div id=\"contact-us\">\n\t<div id=\"twoColumnTiles__block_8170c5fbb0bc1f3bf3a3a41ca414e668\" class=\"o-twoColumnTiles content -dark image-text \" data-aos=\"fade-up\">\n\n\t\t<div class=\"container-fluid\">\n\t\t\t<div class=\"row\">\n\t\t\t\t<div class=\"col-12 col-lg-6 background -blue  order-2\">\n\t\t\t\t\t<div class=\"row\">\n\t\t\t\t\t\t<div class=\"col-12 d-none d-lg-block\">\n\t\t\t\t\t\t\t<div class=\"m-twoColumnTiles__container\">\n\t\t\t\t\t\t\t\t\t\t\t\t\t\t\t\t<h2 class=\"m-twoColumnTiles__title\">Kontakt<\/h2>\n\t\t\t\t\t\t\t\t\t\t\t\t\t\t\t\t<p class=\"m-twoColumnTiles__description\">Interesuje Ci\u0119 wsp\u00f3\u0142praca z Sound for Life? Jeste\u015bmy otwarci na nowe relacje partnerskie w zakresie dystrybucji. Skontaktuj si\u0119 z nami ju\u017c dzi\u015b, aby uzyska\u0107 wi\u0119cej informacji o mo\u017cliwo\u015bciach wsp\u00f3\u0142pracy. <\/p>\n\t\t\t\t\t\t\t\t\t\t\t\t\t\t\t\t<a href=\"#\" class=\"button -secondary contactus_popup\">Skontaktuj si\u0119 z nami<\/a>\n\t\t\t\t\t\t\t\t\t\t\t\t\t\t\t<\/div>\n\t\t\t\t\t\t<\/div>\n\t\t\t\t\t<\/div>\n\t\t\t\t<\/div>\n\n\t\t\t\t<div class=\"col-12 col-lg-6 background -white -imgCol order-1\">\n\t\t\t\t\t<div class=\"row\">\n\t\t\t\t\t\t<div class=\"m-twoColumnTiles__img w-100\" >\n\t\t\t\t\t\t\t<img decoding=\"async\" src=\"https:\/\/www.forbrain.com\/wp-content\/uploads\/2021\/06\/Forbrain_photo10128-FINAL.jpg\">\n\t\t\t\t\t\t<\/div>\n\t\t\t\t\t<\/div>\n\t\t\t\t<\/div>\n\t\t\t<\/div>\n\t\t<\/div>\n\n\t\t<div class=\"m-twoColumnTiles__container d-block d-lg-none\">\n\t\t\t<div class=\"container \">\n\t\t\t\t<div class=\"row\">\n\t\t\t\t\t<div class=\"col-12 col-lg-5\">\n\t\t\t\t\t\t<div class=\"m-twoColumnTiles__contentWrap background -blue\">\n\t\t\t\t\t\t\t\t\t\t\t\t\t\t<h2 class=\"m-twoColumnTiles__title\">Kontakt<\/h2>\n\t\t\t\t\t\t\t\t\t\t\t\t\t\t<p class=\"m-twoColumnTiles__description\">Interesuje Ci\u0119 wsp\u00f3\u0142praca z Sound for Life? Jeste\u015bmy otwarci na nowe relacje partnerskie w zakresie dystrybucji. Skontaktuj si\u0119 z nami ju\u017c dzi\u015b, aby uzyska\u0107 wi\u0119cej informacji o mo\u017cliwo\u015bciach wsp\u00f3\u0142pracy. <\/p>\n\t\t\t\t\t\t\t\t\t\t\t\t\t\t<a href=\"#\" class=\"button -secondary contactus_popup\">Skontaktuj si\u0119 z nami<\/a>\n\t\t\t\t\t\t\t\t\t\t\t\t\t<\/div>\n\t\t\t\t\t<\/div>\n\t\t\t\t<\/div>\n\t\t\t<\/div>\n\t\t<\/div>\n\t\t\n\t<\/div>\n<\/div>\n\n\n<style type=\"text\/css\">\n#twoColumnTiles__block_309e35454305fdde671da502e0cc3cc6 {\n\tpadding-top: 30px;\n\tpadding-bottom: 40px;\n}\n\n#twoColumnTiles__block_309e35454305fdde671da502e0cc3cc6 .m-twoColumnTiles__title {\n\tcolor: #ffffff;\n}\n\n@media (min-width: 992px) {\n\t#twoColumnTiles__block_309e35454305fdde671da502e0cc3cc6 {\n\t\tpadding-top: 0px;\n\t\tpadding-bottom: 0px;\n\t}\n}\n<\/style>\n\n<div id=\"our-affiliate-program\">\n\t<div id=\"twoColumnTiles__block_309e35454305fdde671da502e0cc3cc6\" class=\"o-twoColumnTiles content -dark text-image \" data-aos=\"fade-up\">\n\n\t\t<div class=\"container-fluid\">\n\t\t\t<div class=\"row\">\n\t\t\t\t<div class=\"col-12 col-lg-6 background -teal  order-1\">\n\t\t\t\t\t<div class=\"row\">\n\t\t\t\t\t\t<div class=\"col-12 d-none d-lg-block\">\n\t\t\t\t\t\t\t<div class=\"m-twoColumnTiles__container\">\n\t\t\t\t\t\t\t\t\t\t\t\t\t\t\t\t<h2 class=\"m-twoColumnTiles__title\">Program afiliacyjny<\/h2>\n\t\t\t\t\t\t\t\t\t\t\t\t\t\t\t\t<p class=\"m-twoColumnTiles__description\">Chcesz poleca\u0107 s\u0142uchawki Forbrain klientom i znajomym specjalistom?<br><br>Program Afiliacyjny Forbrain pozwoli Ci oferowa\u0107 klientom specjalne zni\u017cki, a jednocze\u015bnie podnosi\u0107 skuteczno\u015b\u0107 Twojej pracy i uzyskiwa\u0107 lepsze wyniki finansowe. Do\u0142\u0105cz ju\u017c dzi\u015b do mi\u0119dzynarodowej spo\u0142eczno\u015bci licz\u0105cej ponad 7 tysi\u0119cy specjalist\u00f3w! <\/p>\n\t\t\t\t\t\t\t\t\t\t\t\t\t\t\t\t<a href=\"https:\/\/www.forbrain.com\/pl\/program-afiliacyjny\/\" class=\"button -secondary \">Wi\u0119cej informacji<\/a>\n\t\t\t\t\t\t\t\t\t\t\t\t\t\t\t<\/div>\n\t\t\t\t\t\t<\/div>\n\t\t\t\t\t<\/div>\n\t\t\t\t<\/div>\n\n\t\t\t\t<div class=\"col-12 col-lg-6 background -white -imgCol order-2\">\n\t\t\t\t\t<div class=\"row\">\n\t\t\t\t\t\t<div class=\"m-twoColumnTiles__img w-100\" >\n\t\t\t\t\t\t\t<img decoding=\"async\" src=\"https:\/\/www.forbrain.com\/wp-content\/uploads\/2021\/06\/GettyImages-1167349902.jpg\">\n\t\t\t\t\t\t<\/div>\n\t\t\t\t\t<\/div>\n\t\t\t\t<\/div>\n\t\t\t<\/div>\n\t\t<\/div>\n\n\t\t<div class=\"m-twoColumnTiles__container d-block d-lg-none\">\n\t\t\t<div class=\"container \">\n\t\t\t\t<div class=\"row\">\n\t\t\t\t\t<div class=\"col-12 col-lg-5\">\n\t\t\t\t\t\t<div class=\"m-twoColumnTiles__contentWrap background -teal\">\n\t\t\t\t\t\t\t\t\t\t\t\t\t\t<h2 class=\"m-twoColumnTiles__title\">Program afiliacyjny<\/h2>\n\t\t\t\t\t\t\t\t\t\t\t\t\t\t<p class=\"m-twoColumnTiles__description\">Chcesz poleca\u0107 s\u0142uchawki Forbrain klientom i znajomym specjalistom?<br><br>Program Afiliacyjny Forbrain pozwoli Ci oferowa\u0107 klientom specjalne zni\u017cki, a jednocze\u015bnie podnosi\u0107 skuteczno\u015b\u0107 Twojej pracy i uzyskiwa\u0107 lepsze wyniki finansowe. Do\u0142\u0105cz ju\u017c dzi\u015b do mi\u0119dzynarodowej spo\u0142eczno\u015bci licz\u0105cej ponad 7 tysi\u0119cy specjalist\u00f3w! <\/p>\n\t\t\t\t\t\t\t\t\t\t\t\t\t\t<a href=\"https:\/\/www.forbrain.com\/pl\/program-afiliacyjny\/\" class=\"button -secondary \">Wi\u0119cej informacji<\/a>\n\t\t\t\t\t\t\t\t\t\t\t\t\t<\/div>\n\t\t\t\t\t<\/div>\n\t\t\t\t<\/div>\n\t\t\t<\/div>\n\t\t<\/div>\n\t\t\n\t<\/div>\n<\/div>\n\n\n<style type=\"text\/css\">\n#oneColumnContent__block_e78ef4672dc06822b1b081873eeb8131 {\n\tpadding-top: px;\n\tpadding-bottom: px;\n}\n\n#oneColumnContent__block_e78ef4672dc06822b1b081873eeb8131 .m-oneColumnContent__title {\n\tcolor: ;\n}\n\n@media (min-width: 992px) {\n\t#oneColumnContent__block_e78ef4672dc06822b1b081873eeb8131 {\n\t\tpadding-top: 20px;\n\t\tpadding-bottom: 20px;\n\t}\n}\n<\/style>\n\n<div id=\"\">\n\t<div id=\"oneColumnContent__block_e78ef4672dc06822b1b081873eeb8131\" class=\"o-oneColumnContent background content -blue10 -light\" data-col=\"col-lg-6 offset-lg-3\">\n\t\t<div class=\"container\">\n\t\t  \n\t\t<div class=\"row\">\n\t\t  <div class=\"col-12 col-lg-6 offset-lg-3\">\n\t\t\t\t<h2 class=\"m-oneColumnContent__title\" data-aos=\"fade-up\"><\/h2>\n\t\t\t\t\t\t\t\t\t\t  <\/div>\n\t\t<\/div>\n\n\t\t<\/div>\n\t<\/div>\n<\/div>","protected":false},"excerpt":{"rendered":"","protected":false},"author":7,"featured_media":0,"parent":0,"menu_order":0,"comment_status":"closed","ping_status":"closed","template":"","meta":{"_acf_changed":false,"footnotes":""},"ppma_author":[135],"class_list":["post-2252","page","type-page","status-publish","hentry","author-abhirup"],"acf":[],"yoast_head":"<!-- This site is optimized with the Yoast SEO plugin v27.5 - https:\/\/yoast.com\/product\/yoast-seo-wordpress\/ -->\n<title>O nas | Forbrain<\/title>\n<meta name=\"description\" content=\"Sound for Life to wiod\u0105ca firma w neurotechnologiczna. Nasze urz\u0105dzenie pobudzaj\u0105ce m\u00f3zg pomaga ludziom w ka\u017cdym wieku zrealizowa\u0107 w pe\u0142ni ich potencja\u0142.\" \/>\n<meta name=\"robots\" content=\"index, follow, max-snippet:-1, max-image-preview:large, max-video-preview:-1\" \/>\n<link rel=\"canonical\" href=\"https:\/\/www.forbrain.com\/pl\/o-nas\/\" \/>\n<meta property=\"og:locale\" content=\"pl_PL\" \/>\n<meta property=\"og:type\" content=\"article\" \/>\n<meta property=\"og:title\" content=\"O nas | Forbrain\" \/>\n<meta property=\"og:description\" content=\"Sound for Life to wiod\u0105ca firma w neurotechnologiczna. Nasze urz\u0105dzenie pobudzaj\u0105ce m\u00f3zg pomaga ludziom w ka\u017cdym wieku zrealizowa\u0107 w pe\u0142ni ich potencja\u0142.\" \/>\n<meta property=\"og:url\" content=\"https:\/\/www.forbrain.com\/pl\/o-nas\/\" \/>\n<meta property=\"og:site_name\" content=\"Forbrain\" \/>\n<meta property=\"article:modified_time\" content=\"2025-09-19T13:17:02+00:00\" \/>\n<meta name=\"twitter:card\" content=\"summary_large_image\" \/>\n<meta name=\"twitter:label1\" content=\"Szacowany czas czytania\" \/>\n\t<meta name=\"twitter:data1\" content=\"1 minuta\" \/>\n<script type=\"application\/ld+json\" class=\"yoast-schema-graph\">{\"@context\":\"https:\\\/\\\/schema.org\",\"@graph\":[{\"@type\":\"WebPage\",\"@id\":\"https:\\\/\\\/www.forbrain.com\\\/pl\\\/o-nas\\\/\",\"url\":\"https:\\\/\\\/www.forbrain.com\\\/pl\\\/o-nas\\\/\",\"name\":\"O nas | Forbrain\",\"isPartOf\":{\"@id\":\"https:\\\/\\\/www.forbrain.com\\\/pl\\\/#website\"},\"datePublished\":\"2021-06-08T08:56:43+00:00\",\"dateModified\":\"2025-09-19T13:17:02+00:00\",\"description\":\"Sound for Life to wiod\u0105ca firma w neurotechnologiczna. Nasze urz\u0105dzenie pobudzaj\u0105ce m\u00f3zg pomaga ludziom w ka\u017cdym wieku zrealizowa\u0107 w pe\u0142ni ich potencja\u0142.\",\"breadcrumb\":{\"@id\":\"https:\\\/\\\/www.forbrain.com\\\/pl\\\/o-nas\\\/#breadcrumb\"},\"inLanguage\":\"pl-PL\",\"potentialAction\":[{\"@type\":\"ReadAction\",\"target\":[\"https:\\\/\\\/www.forbrain.com\\\/pl\\\/o-nas\\\/\"]}]},{\"@type\":\"BreadcrumbList\",\"@id\":\"https:\\\/\\\/www.forbrain.com\\\/pl\\\/o-nas\\\/#breadcrumb\",\"itemListElement\":[{\"@type\":\"ListItem\",\"position\":1,\"name\":\"Strona g\u0142\u00f3wna\",\"item\":\"https:\\\/\\\/www.forbrain.com\\\/pl\\\/\"},{\"@type\":\"ListItem\",\"position\":2,\"name\":\"O nas | Forbrain\"}]},{\"@type\":\"WebSite\",\"@id\":\"https:\\\/\\\/www.forbrain.com\\\/pl\\\/#website\",\"url\":\"https:\\\/\\\/www.forbrain.com\\\/pl\\\/\",\"name\":\"Forbrain\",\"description\":\"\",\"publisher\":{\"@id\":\"https:\\\/\\\/www.forbrain.com\\\/pl\\\/#organization\"},\"potentialAction\":[{\"@type\":\"SearchAction\",\"target\":{\"@type\":\"EntryPoint\",\"urlTemplate\":\"https:\\\/\\\/www.forbrain.com\\\/pl\\\/?s={search_term_string}\"},\"query-input\":{\"@type\":\"PropertyValueSpecification\",\"valueRequired\":true,\"valueName\":\"search_term_string\"}}],\"inLanguage\":\"pl-PL\"},{\"@type\":\"Organization\",\"@id\":\"https:\\\/\\\/www.forbrain.com\\\/pl\\\/#organization\",\"name\":\"Forbrain\",\"url\":\"https:\\\/\\\/www.forbrain.com\\\/pl\\\/\",\"logo\":{\"@type\":\"ImageObject\",\"inLanguage\":\"pl-PL\",\"@id\":\"https:\\\/\\\/www.forbrain.com\\\/pl\\\/#\\\/schema\\\/logo\\\/image\\\/\",\"url\":\"https:\\\/\\\/www.forbrain.com\\\/wp-content\\\/uploads\\\/2024\\\/12\\\/Blue_Forbrain_Logo-copy-1.svg\",\"contentUrl\":\"https:\\\/\\\/www.forbrain.com\\\/wp-content\\\/uploads\\\/2024\\\/12\\\/Blue_Forbrain_Logo-copy-1.svg\",\"caption\":\"Forbrain\"},\"image\":{\"@id\":\"https:\\\/\\\/www.forbrain.com\\\/pl\\\/#\\\/schema\\\/logo\\\/image\\\/\"}}]}<\/script>\n<!-- \/ Yoast SEO plugin. -->","yoast_head_json":{"title":"O nas | Forbrain","description":"Sound for Life to wiod\u0105ca firma w neurotechnologiczna. Nasze urz\u0105dzenie pobudzaj\u0105ce m\u00f3zg pomaga ludziom w ka\u017cdym wieku zrealizowa\u0107 w pe\u0142ni ich potencja\u0142.","robots":{"index":"index","follow":"follow","max-snippet":"max-snippet:-1","max-image-preview":"max-image-preview:large","max-video-preview":"max-video-preview:-1"},"canonical":"https:\/\/www.forbrain.com\/pl\/o-nas\/","og_locale":"pl_PL","og_type":"article","og_title":"O nas | Forbrain","og_description":"Sound for Life to wiod\u0105ca firma w neurotechnologiczna. Nasze urz\u0105dzenie pobudzaj\u0105ce m\u00f3zg pomaga ludziom w ka\u017cdym wieku zrealizowa\u0107 w pe\u0142ni ich potencja\u0142.","og_url":"https:\/\/www.forbrain.com\/pl\/o-nas\/","og_site_name":"Forbrain","article_modified_time":"2025-09-19T13:17:02+00:00","twitter_card":"summary_large_image","twitter_misc":{"Szacowany czas czytania":"1 minuta"},"schema":{"@context":"https:\/\/schema.org","@graph":[{"@type":"WebPage","@id":"https:\/\/www.forbrain.com\/pl\/o-nas\/","url":"https:\/\/www.forbrain.com\/pl\/o-nas\/","name":"O nas | Forbrain","isPartOf":{"@id":"https:\/\/www.forbrain.com\/pl\/#website"},"datePublished":"2021-06-08T08:56:43+00:00","dateModified":"2025-09-19T13:17:02+00:00","description":"Sound for Life to wiod\u0105ca firma w neurotechnologiczna. Nasze urz\u0105dzenie pobudzaj\u0105ce m\u00f3zg pomaga ludziom w ka\u017cdym wieku zrealizowa\u0107 w pe\u0142ni ich potencja\u0142.","breadcrumb":{"@id":"https:\/\/www.forbrain.com\/pl\/o-nas\/#breadcrumb"},"inLanguage":"pl-PL","potentialAction":[{"@type":"ReadAction","target":["https:\/\/www.forbrain.com\/pl\/o-nas\/"]}]},{"@type":"BreadcrumbList","@id":"https:\/\/www.forbrain.com\/pl\/o-nas\/#breadcrumb","itemListElement":[{"@type":"ListItem","position":1,"name":"Strona g\u0142\u00f3wna","item":"https:\/\/www.forbrain.com\/pl\/"},{"@type":"ListItem","position":2,"name":"O nas | Forbrain"}]},{"@type":"WebSite","@id":"https:\/\/www.forbrain.com\/pl\/#website","url":"https:\/\/www.forbrain.com\/pl\/","name":"Forbrain","description":"","publisher":{"@id":"https:\/\/www.forbrain.com\/pl\/#organization"},"potentialAction":[{"@type":"SearchAction","target":{"@type":"EntryPoint","urlTemplate":"https:\/\/www.forbrain.com\/pl\/?s={search_term_string}"},"query-input":{"@type":"PropertyValueSpecification","valueRequired":true,"valueName":"search_term_string"}}],"inLanguage":"pl-PL"},{"@type":"Organization","@id":"https:\/\/www.forbrain.com\/pl\/#organization","name":"Forbrain","url":"https:\/\/www.forbrain.com\/pl\/","logo":{"@type":"ImageObject","inLanguage":"pl-PL","@id":"https:\/\/www.forbrain.com\/pl\/#\/schema\/logo\/image\/","url":"https:\/\/www.forbrain.com\/wp-content\/uploads\/2024\/12\/Blue_Forbrain_Logo-copy-1.svg","contentUrl":"https:\/\/www.forbrain.com\/wp-content\/uploads\/2024\/12\/Blue_Forbrain_Logo-copy-1.svg","caption":"Forbrain"},"image":{"@id":"https:\/\/www.forbrain.com\/pl\/#\/schema\/logo\/image\/"}}]}},"_links":{"self":[{"href":"https:\/\/www.forbrain.com\/pl\/wp-json\/wp\/v2\/pages\/2252","targetHints":{"allow":["GET"]}}],"collection":[{"href":"https:\/\/www.forbrain.com\/pl\/wp-json\/wp\/v2\/pages"}],"about":[{"href":"https:\/\/www.forbrain.com\/pl\/wp-json\/wp\/v2\/types\/page"}],"author":[{"embeddable":true,"href":"https:\/\/www.forbrain.com\/pl\/wp-json\/wp\/v2\/users\/7"}],"replies":[{"embeddable":true,"href":"https:\/\/www.forbrain.com\/pl\/wp-json\/wp\/v2\/comments?post=2252"}],"version-history":[{"count":28,"href":"https:\/\/www.forbrain.com\/pl\/wp-json\/wp\/v2\/pages\/2252\/revisions"}],"predecessor-version":[{"id":25956,"href":"https:\/\/www.forbrain.com\/pl\/wp-json\/wp\/v2\/pages\/2252\/revisions\/25956"}],"wp:attachment":[{"href":"https:\/\/www.forbrain.com\/pl\/wp-json\/wp\/v2\/media?parent=2252"}],"wp:term":[{"taxonomy":"author","embeddable":true,"href":"https:\/\/www.forbrain.com\/pl\/wp-json\/wp\/v2\/ppma_author?post=2252"}],"curies":[{"name":"wp","href":"https:\/\/api.w.org\/{rel}","templated":true}]}}