{"id":3507,"date":"2021-06-17T15:29:39","date_gmt":"2021-06-17T15:29:39","guid":{"rendered":"https:\/\/demo.forbrain.com\/faqs\/"},"modified":"2023-07-21T10:56:31","modified_gmt":"2023-07-21T10:56:31","slug":"faqs","status":"publish","type":"page","link":"https:\/\/www.forbrain.com\/fr\/faqs\/","title":{"rendered":"Foire aux questions | Forbrain"},"content":{"rendered":"\n<style type=\"text\/css\">\n#hero__block_60b4e9aceda7d {\n\tpadding-top: 25px;\n\tpadding-bottom: 0px;\n}\n\n@media (min-width: 992px) {\n\t#hero__block_60b4e9aceda7d {\n\t\t\t\tbackground-image: url('https:\/\/www.forbrain.com\/wp-content\/uploads\/2021\/06\/faq-banner.jpg');\n\t\tbackground-position: right center;\n\t\tbackground-size: cover;\n\t\t\t\tpadding-top: 150px;\n\t\tpadding-bottom: 170px;\n\t}\n}\n<\/style>\n\n<div id=\"hero__block_60b4e9aceda7d\" class=\"o-hero background content -white\">\n\t<div class=\"container\">\n\n\t\t<div class=\"row\">\n\t\t\t<div class=\"col-12 col-lg-5\">\n\t\t\t\t<h1 class=\"m-hero__title\">Foire aux questions<\/h1>\n\t\t\t<\/div>\n\t\t<\/div>\n\n\t\t<div class=\"row\">\n\t\t\t<div class=\"col-12 col-lg-5\">\n\t\t\t\t<h5 class=\"m-hero__description\"><\/h5>\n\t\t\t\t\n\t\t\t\t<div class=\"m-hero__ctas\">\n\t\t\t\t\t\t\t\t\n\t\t\t\t\t\t\t\t<\/div>\n\t\t\t\t\n\t\t\t<\/div>\n\t\t<\/div>\n\n\t\t<div class=\"d-lg-none row\">\n\t\t\t\t\t\t<img decoding=\"async\" class=\"m-hero__imageMobile \" src=\"https:\/\/www.forbrain.com\/wp-content\/uploads\/2021\/06\/faq-banner-mobile.jpg\">\n\t\t\t\t\t<\/div>\n\n\t<\/div>\n<\/div>\n\n\n<style type=\"text\/css\">\n#faqIndex__block_60c9943a4df1d {\n\tpadding-top: 40px;\n\tpadding-bottom: 40px;\n}\n#faqIndex__block_60c9943a4df1d h2{\n\tcolor: #0199d6;\n}\n\n@media (min-width: 992px) {\n\t#faqIndex__block_60c9943a4df1d {\n\t\tpadding-top: 80px;\n\t\tpadding-bottom: 60px;\n\t}\n}\n<\/style>\n\n<div id=\"\">\n\t<div id=\"faqIndex__block_60c9943a4df1d\" class=\"o-faqIndex background content -blue10 \">\n\t\t<div class=\"container\">\n\t\t\t<div class=\"row\">\n\t\t\t\t<div class=\"col-12 col-lg-6 mb-4 mb-lg-5\">\n\t\t\t\t\t\t\t\t\t\t<h2 class=\"\">S\u00e9lectionnez une cat\u00e9gorie <\/h2>\n\t\t\t\t\t\t\t\t\t\t\n\t\t\t\t\t<form action=\"https:\/\/www.forbrain.com\/wp-admin\/admin-ajax.php\" method=\"POST\" id=\"faqIndex__filter\">\n\t\t\t\t\t\t\t\t\t\t\t\t\t<select name=\"faqIndex_cat\" id=\"faqIndex_cat\">\n\t\t\t\t\t\t\t\t<!--<option value=\"0\"><\/option>-->\n\t\t\t\t\t\t\t\t\t\t\t\t\t\t\t\t\t<option value=\"91\">Besoins \u00e9ducatifs sp\u00e9cifiques<\/option>\n\t\t\t\t\t\t\t\t\t\t\t\t\t\t\t\t\t<option value=\"93\">Seniors<\/option>\n\t\t\t\t\t\t\t\t\t\t\t\t\t\t\t\t\t<option value=\"92\">Sp\u00e9cialistes et th\u00e9rapeutes<\/option>\n\t\t\t\t\t\t\t\t\t\t\t\t\t\t\t\t\t<option value=\"90\">Utilisation g\u00e9n\u00e9rale (\u00e9coliers\/coll\u00e9giens\/lyc\u00e9ens, professionnels et \u00e9tudiants)<\/option>\n\t\t\t\t\t\t\t\t\t\t\t\t\t\t\t<\/select>\n\t\t\t\t\t\t\t\t\t\t\t\t\n\t\t\t\t\t\t<input type=\"hidden\" name=\"action\" value=\"faqfilter\">\n\t\t\t\t\t<\/form>\n\t\t\t\t\t\n\t\t\t\t<\/div>\n\t\t\t<\/div>\n\t\t\t\n\t\t\t<div id=\"faqIndex__body\" class=\"row mx-0 justify-content-between\"><\/div>\n\t\t\t<div class=\"faqIndex__loader mt-5 w-100 text-center mb-5\">\n\t\t\t\t<img decoding=\"async\" src=\"https:\/\/www.forbrain.com\/wp-content\/themes\/forbrain\/images\/svg_loader.svg\" \/>\n\t\t\t<\/div>\n\n\t\t<\/div>\n\t<\/div>\n<\/div>\n\n\n<style type=\"text\/css\">\n#twoColumnTiles__block_60beeb58dd6e2 {\n\tpadding-top: 30px;\n\tpadding-bottom: 40px;\n}\n\n#twoColumnTiles__block_60beeb58dd6e2 .m-twoColumnTiles__title {\n\tcolor: #ffffff;\n}\n\n@media (min-width: 992px) {\n\t#twoColumnTiles__block_60beeb58dd6e2 {\n\t\tpadding-top: 0px;\n\t\tpadding-bottom: 0px;\n\t}\n}\n<\/style>\n\n<div id=\"contact-us\">\n\t<div id=\"twoColumnTiles__block_60beeb58dd6e2\" class=\"o-twoColumnTiles content -dark image-text \" data-aos=\"fade-up\">\n\n\t\t<div class=\"container-fluid\">\n\t\t\t<div class=\"row\">\n\t\t\t\t<div class=\"col-12 col-lg-6 background -blue  order-2\">\n\t\t\t\t\t<div class=\"row\">\n\t\t\t\t\t\t<div class=\"col-12 d-none d-lg-block\">\n\t\t\t\t\t\t\t<div class=\"m-twoColumnTiles__container\">\n\t\t\t\t\t\t\t\t\t\t\t\t\t\t\t\t<h2 class=\"m-twoColumnTiles__title\">Une question ?<\/h2>\n\t\t\t\t\t\t\t\t\t\t\t\t\t\t\t\t<p class=\"m-twoColumnTiles__description\">Si vous avez une question \u00e0 laquelle nous n&rsquo;avons pas r\u00e9pondu ici, veuillez nous envoyer un message et nous serons heureux de vous aider. <\/p>\n\t\t\t\t\t\t\t\t\t\t\t\t\t\t\t\t<a href=\"https:\/\/www.forbrain.com\/fr\/nous-contacter\/\" class=\"button -secondary \">Nous contacter<\/a>\n\t\t\t\t\t\t\t\t\t\t\t\t\t\t\t<\/div>\n\t\t\t\t\t\t<\/div>\n\t\t\t\t\t<\/div>\n\t\t\t\t<\/div>\n\n\t\t\t\t<div class=\"col-12 col-lg-6 background -white -imgCol order-1\">\n\t\t\t\t\t<div class=\"row\">\n\t\t\t\t\t\t<div class=\"m-twoColumnTiles__img w-100\" >\n\t\t\t\t\t\t\t<img decoding=\"async\" src=\"https:\/\/www.forbrain.com\/wp-content\/uploads\/2021\/06\/Forbrain_photo10128-FINAL.jpg\">\n\t\t\t\t\t\t<\/div>\n\t\t\t\t\t<\/div>\n\t\t\t\t<\/div>\n\t\t\t<\/div>\n\t\t<\/div>\n\n\t\t<div class=\"m-twoColumnTiles__container d-block d-lg-none\">\n\t\t\t<div class=\"container \">\n\t\t\t\t<div class=\"row\">\n\t\t\t\t\t<div class=\"col-12 col-lg-5\">\n\t\t\t\t\t\t<div class=\"m-twoColumnTiles__contentWrap background -blue\">\n\t\t\t\t\t\t\t\t\t\t\t\t\t\t<h2 class=\"m-twoColumnTiles__title\">Une question ?<\/h2>\n\t\t\t\t\t\t\t\t\t\t\t\t\t\t<p class=\"m-twoColumnTiles__description\">Si vous avez une question \u00e0 laquelle nous n&rsquo;avons pas r\u00e9pondu ici, veuillez nous envoyer un message et nous serons heureux de vous aider. <\/p>\n\t\t\t\t\t\t\t\t\t\t\t\t\t\t<a href=\"https:\/\/www.forbrain.com\/fr\/nous-contacter\/\" class=\"button -secondary \">Nous contacter<\/a>\n\t\t\t\t\t\t\t\t\t\t\t\t\t<\/div>\n\t\t\t\t\t<\/div>\n\t\t\t\t<\/div>\n\t\t\t<\/div>\n\t\t<\/div>\n\t\t\n\t<\/div>\n<\/div>","protected":false},"excerpt":{"rendered":"","protected":false},"author":7,"featured_media":0,"parent":0,"menu_order":0,"comment_status":"closed","ping_status":"closed","template":"","meta":{"_acf_changed":false,"footnotes":""},"ppma_author":[135],"class_list":["post-3507","page","type-page","status-publish","hentry","author-abhirup"],"acf":[],"yoast_head":"<!-- This site is optimized with the Yoast SEO plugin v27.5 - https:\/\/yoast.com\/product\/yoast-seo-wordpress\/ -->\n<title>Foire aux questions | Forbrain<\/title>\n<meta name=\"description\" content=\"Lisez les questions de notre FAQ sur l&#039;utilisation de Forbrain, les commandes, l&#039;exp\u00e9dition, les garanties ou contactez notre \u00e9quipe du service client.\" \/>\n<meta name=\"robots\" content=\"index, follow, max-snippet:-1, max-image-preview:large, max-video-preview:-1\" \/>\n<link rel=\"canonical\" href=\"https:\/\/www.forbrain.com\/fr\/faqs\/\" \/>\n<meta property=\"og:locale\" content=\"fr_FR\" \/>\n<meta property=\"og:type\" content=\"article\" \/>\n<meta property=\"og:title\" content=\"Foire aux questions | Forbrain\" \/>\n<meta property=\"og:description\" content=\"Lisez les questions de notre FAQ sur l&#039;utilisation de Forbrain, les commandes, l&#039;exp\u00e9dition, les garanties ou contactez notre \u00e9quipe du service client.\" \/>\n<meta property=\"og:url\" content=\"https:\/\/www.forbrain.com\/fr\/faqs\/\" \/>\n<meta property=\"og:site_name\" content=\"Forbrain\" \/>\n<meta property=\"article:modified_time\" content=\"2023-07-21T10:56:31+00:00\" \/>\n<meta name=\"twitter:card\" content=\"summary_large_image\" \/>\n<script type=\"application\/ld+json\" class=\"yoast-schema-graph\">{\"@context\":\"https:\\\/\\\/schema.org\",\"@graph\":[{\"@type\":\"WebPage\",\"@id\":\"https:\\\/\\\/www.forbrain.com\\\/fr\\\/faqs\\\/\",\"url\":\"https:\\\/\\\/www.forbrain.com\\\/fr\\\/faqs\\\/\",\"name\":\"Foire aux questions | Forbrain\",\"isPartOf\":{\"@id\":\"https:\\\/\\\/www.forbrain.com\\\/fr\\\/#website\"},\"datePublished\":\"2021-06-17T15:29:39+00:00\",\"dateModified\":\"2023-07-21T10:56:31+00:00\",\"description\":\"Lisez les questions de notre FAQ sur l'utilisation de Forbrain, les commandes, l'exp\u00e9dition, les garanties ou contactez notre \u00e9quipe du service client.\",\"breadcrumb\":{\"@id\":\"https:\\\/\\\/www.forbrain.com\\\/fr\\\/faqs\\\/#breadcrumb\"},\"inLanguage\":\"fr-FR\",\"potentialAction\":[{\"@type\":\"ReadAction\",\"target\":[\"https:\\\/\\\/www.forbrain.com\\\/fr\\\/faqs\\\/\"]}]},{\"@type\":\"BreadcrumbList\",\"@id\":\"https:\\\/\\\/www.forbrain.com\\\/fr\\\/faqs\\\/#breadcrumb\",\"itemListElement\":[{\"@type\":\"ListItem\",\"position\":1,\"name\":\"Accueil\",\"item\":\"https:\\\/\\\/www.forbrain.com\\\/fr\\\/\"},{\"@type\":\"ListItem\",\"position\":2,\"name\":\"Foire aux questions | Forbrain\"}]},{\"@type\":\"WebSite\",\"@id\":\"https:\\\/\\\/www.forbrain.com\\\/fr\\\/#website\",\"url\":\"https:\\\/\\\/www.forbrain.com\\\/fr\\\/\",\"name\":\"Forbrain\",\"description\":\"\",\"publisher\":{\"@id\":\"https:\\\/\\\/www.forbrain.com\\\/fr\\\/#organization\"},\"potentialAction\":[{\"@type\":\"SearchAction\",\"target\":{\"@type\":\"EntryPoint\",\"urlTemplate\":\"https:\\\/\\\/www.forbrain.com\\\/fr\\\/?s={search_term_string}\"},\"query-input\":{\"@type\":\"PropertyValueSpecification\",\"valueRequired\":true,\"valueName\":\"search_term_string\"}}],\"inLanguage\":\"fr-FR\"},{\"@type\":\"Organization\",\"@id\":\"https:\\\/\\\/www.forbrain.com\\\/fr\\\/#organization\",\"name\":\"Forbrain\",\"url\":\"https:\\\/\\\/www.forbrain.com\\\/fr\\\/\",\"logo\":{\"@type\":\"ImageObject\",\"inLanguage\":\"fr-FR\",\"@id\":\"https:\\\/\\\/www.forbrain.com\\\/fr\\\/#\\\/schema\\\/logo\\\/image\\\/\",\"url\":\"https:\\\/\\\/www.forbrain.com\\\/wp-content\\\/uploads\\\/2024\\\/12\\\/Blue_Forbrain_Logo-copy-1.svg\",\"contentUrl\":\"https:\\\/\\\/www.forbrain.com\\\/wp-content\\\/uploads\\\/2024\\\/12\\\/Blue_Forbrain_Logo-copy-1.svg\",\"caption\":\"Forbrain\"},\"image\":{\"@id\":\"https:\\\/\\\/www.forbrain.com\\\/fr\\\/#\\\/schema\\\/logo\\\/image\\\/\"}}]}<\/script>\n<!-- \/ Yoast SEO plugin. -->","yoast_head_json":{"title":"Foire aux questions | Forbrain","description":"Lisez les questions de notre FAQ sur l'utilisation de Forbrain, les commandes, l'exp\u00e9dition, les garanties ou contactez notre \u00e9quipe du service client.","robots":{"index":"index","follow":"follow","max-snippet":"max-snippet:-1","max-image-preview":"max-image-preview:large","max-video-preview":"max-video-preview:-1"},"canonical":"https:\/\/www.forbrain.com\/fr\/faqs\/","og_locale":"fr_FR","og_type":"article","og_title":"Foire aux questions | Forbrain","og_description":"Lisez les questions de notre FAQ sur l'utilisation de Forbrain, les commandes, l'exp\u00e9dition, les garanties ou contactez notre \u00e9quipe du service client.","og_url":"https:\/\/www.forbrain.com\/fr\/faqs\/","og_site_name":"Forbrain","article_modified_time":"2023-07-21T10:56:31+00:00","twitter_card":"summary_large_image","schema":{"@context":"https:\/\/schema.org","@graph":[{"@type":"WebPage","@id":"https:\/\/www.forbrain.com\/fr\/faqs\/","url":"https:\/\/www.forbrain.com\/fr\/faqs\/","name":"Foire aux questions | Forbrain","isPartOf":{"@id":"https:\/\/www.forbrain.com\/fr\/#website"},"datePublished":"2021-06-17T15:29:39+00:00","dateModified":"2023-07-21T10:56:31+00:00","description":"Lisez les questions de notre FAQ sur l'utilisation de Forbrain, les commandes, l'exp\u00e9dition, les garanties ou contactez notre \u00e9quipe du service client.","breadcrumb":{"@id":"https:\/\/www.forbrain.com\/fr\/faqs\/#breadcrumb"},"inLanguage":"fr-FR","potentialAction":[{"@type":"ReadAction","target":["https:\/\/www.forbrain.com\/fr\/faqs\/"]}]},{"@type":"BreadcrumbList","@id":"https:\/\/www.forbrain.com\/fr\/faqs\/#breadcrumb","itemListElement":[{"@type":"ListItem","position":1,"name":"Accueil","item":"https:\/\/www.forbrain.com\/fr\/"},{"@type":"ListItem","position":2,"name":"Foire aux questions | Forbrain"}]},{"@type":"WebSite","@id":"https:\/\/www.forbrain.com\/fr\/#website","url":"https:\/\/www.forbrain.com\/fr\/","name":"Forbrain","description":"","publisher":{"@id":"https:\/\/www.forbrain.com\/fr\/#organization"},"potentialAction":[{"@type":"SearchAction","target":{"@type":"EntryPoint","urlTemplate":"https:\/\/www.forbrain.com\/fr\/?s={search_term_string}"},"query-input":{"@type":"PropertyValueSpecification","valueRequired":true,"valueName":"search_term_string"}}],"inLanguage":"fr-FR"},{"@type":"Organization","@id":"https:\/\/www.forbrain.com\/fr\/#organization","name":"Forbrain","url":"https:\/\/www.forbrain.com\/fr\/","logo":{"@type":"ImageObject","inLanguage":"fr-FR","@id":"https:\/\/www.forbrain.com\/fr\/#\/schema\/logo\/image\/","url":"https:\/\/www.forbrain.com\/wp-content\/uploads\/2024\/12\/Blue_Forbrain_Logo-copy-1.svg","contentUrl":"https:\/\/www.forbrain.com\/wp-content\/uploads\/2024\/12\/Blue_Forbrain_Logo-copy-1.svg","caption":"Forbrain"},"image":{"@id":"https:\/\/www.forbrain.com\/fr\/#\/schema\/logo\/image\/"}}]}},"_links":{"self":[{"href":"https:\/\/www.forbrain.com\/fr\/wp-json\/wp\/v2\/pages\/3507","targetHints":{"allow":["GET"]}}],"collection":[{"href":"https:\/\/www.forbrain.com\/fr\/wp-json\/wp\/v2\/pages"}],"about":[{"href":"https:\/\/www.forbrain.com\/fr\/wp-json\/wp\/v2\/types\/page"}],"author":[{"embeddable":true,"href":"https:\/\/www.forbrain.com\/fr\/wp-json\/wp\/v2\/users\/7"}],"replies":[{"embeddable":true,"href":"https:\/\/www.forbrain.com\/fr\/wp-json\/wp\/v2\/comments?post=3507"}],"version-history":[{"count":9,"href":"https:\/\/www.forbrain.com\/fr\/wp-json\/wp\/v2\/pages\/3507\/revisions"}],"predecessor-version":[{"id":14612,"href":"https:\/\/www.forbrain.com\/fr\/wp-json\/wp\/v2\/pages\/3507\/revisions\/14612"}],"wp:attachment":[{"href":"https:\/\/www.forbrain.com\/fr\/wp-json\/wp\/v2\/media?parent=3507"}],"wp:term":[{"taxonomy":"author","embeddable":true,"href":"https:\/\/www.forbrain.com\/fr\/wp-json\/wp\/v2\/ppma_author?post=3507"}],"curies":[{"name":"wp","href":"https:\/\/api.w.org\/{rel}","templated":true}]}}