{"id":2165,"date":"2021-06-08T08:56:43","date_gmt":"2021-06-08T08:56:43","guid":{"rendered":"https:\/\/demo.forbrain.com\/about-us\/"},"modified":"2025-09-19T13:14:22","modified_gmt":"2025-09-19T13:14:22","slug":"a-propos","status":"publish","type":"page","link":"https:\/\/www.forbrain.com\/fr\/a-propos\/","title":{"rendered":"\u00c0 propos | Forbrain"},"content":{"rendered":"\n<style type=\"text\/css\">\n#hero__block_3c8562f166ebc54739e6ee25e6078d62 {\n\tpadding-top: 30px;\n\tpadding-bottom: px;\n}\n\n@media (min-width: 992px) {\n\t#hero__block_3c8562f166ebc54739e6ee25e6078d62 {\n\t\t\t\tbackground-image: url('https:\/\/www.forbrain.com\/wp-content\/uploads\/2021\/06\/abousus-banner.jpg');\n\t\tbackground-position: right center;\n\t\tbackground-size: cover;\n\t\t\t\tpadding-top: 100px;\n\t\tpadding-bottom: 115px;\n\t}\n}\n<\/style>\n\n<div id=\"hero__block_3c8562f166ebc54739e6ee25e6078d62\" class=\"o-hero background content -white\">\n\t<div class=\"container\">\n\n\t\t<div class=\"row\">\n\t\t\t<div class=\"col-12 col-lg-7\">\n\t\t\t\t<h1 class=\"m-hero__title\">Am\u00e9liorer la vie des gens dans le monde entier<\/h1>\n\t\t\t<\/div>\n\t\t<\/div>\n\n\t\t<div class=\"row\">\n\t\t\t<div class=\"col-12 col-lg-7\">\n\t\t\t\t<h5 class=\"m-hero__description\">Sound for Life est un acteur majeur des neurotechnologies, dont la mission est d\u2019aider les personnes de tous \u00e2ges \u00e0 r\u00e9aliser leur plein potentiel gr\u00e2ce \u00e0 la stimulation c\u00e9r\u00e9brale.<\/h5>\n\t\t\t\t\n\t\t\t\t<div class=\"m-hero__ctas\">\n\t\t\t\t\t\t\t\t\n\t\t\t\t\t\t\t\t<\/div>\n\t\t\t\t\n\t\t\t<\/div>\n\t\t<\/div>\n\n\t\t<div class=\"d-lg-none row\">\n\t\t\t\t\t\t<img decoding=\"async\" class=\"m-hero__imageMobile \" src=\"https:\/\/www.forbrain.com\/wp-content\/uploads\/2021\/06\/aboutus-banner-mobile.jpg\">\n\t\t\t\t\t<\/div>\n\n\t<\/div>\n<\/div>\n\n\r\n<style type=\"text\/css\">\r\n#stickyNav__block_6d9b9b311dd0d1b5d68d4ab4442eaa11 {\r\n\tpadding-top: 20px;\r\n\tpadding-bottom: 20px;\r\n}\r\n\r\n@media (min-width: 992px) {\r\n\t#stickyNav__block_6d9b9b311dd0d1b5d68d4ab4442eaa11 {\r\n\t\tpadding-top: 25px;\r\n\t\tpadding-bottom: 25px;\r\n\t}\r\n}\r\n<\/style>\r\n\r\n<div id=\"stickyNav__block_6d9b9b311dd0d1b5d68d4ab4442eaa11\" class=\"o-stickyNav background content -blue -dark\">\r\n\t<div class=\"container\">\r\n\t\t<div class=\"m-stickyNav__wrap d-flex justify-content-center\">\r\n\t\t\t<nav class=\"m-stickyNav__nav\">\t\t\t\t\t\t<a class=\"stickyNav\" href=\"#our-company\">Notre Soci\u00e9t\u00e9<\/a>\r\n\t\t\t\t\t\t\t\t\t\t\t<a class=\"stickyNav\" href=\"#contact-us\">Nous contacter<\/a>\r\n\t\t\t\t\t\t\t\t\t\t\t<a class=\"stickyNav\" href=\"#our-affiliate-program\">Notre programme d\u2019affiliation<\/a>\r\n\t\t\t\t\t<\/nav>\t\t<\/div>\r\n\t<\/div>\r\n\r\n<\/div>\n\n\n<style type=\"text\/css\">\n.block_2a370f4c3226c3686a45038e43dcaafb {\n\tpadding-top: 50px;\n\tpadding-bottom: 50px;\n}\n\t.block_2a370f4c3226c3686a45038e43dcaafb .m-textAndImage__image  img{\n\t\tmax-width: 100% !important;\n\t}\n\n\n@media (min-width: 992px) {\n\t.block_2a370f4c3226c3686a45038e43dcaafb {\n\t\tpadding-top: 100px;\n\t\tpadding-bottom: 50px;\n\t}\n}\n<\/style>\n\n\n<div id=\"our-company\" class=\"o-textAndImage background content -white  block_2a370f4c3226c3686a45038e43dcaafb layoutV1 image-text\">\n\t<div class=\"container\">\n\t\t<div class=\"row\">\n\t\t\t<div class=\"col-12\">\n\t\t\t\t\t\t\t\t<h2 class=\"color -blue text-lg-center\">Notre Soci\u00e9t\u00e9<\/h2>\n\t\t\t\t\t\t\t<\/div>\n\t\t<\/div>\n\n\t\t<div class=\"row\">\n\t\t\n\t\t\t<div class=\"col-12 d-none\">\n\t\t\t\t<p class=\"overlineText color -blue\"><\/p>\n\t\t\t<\/div>\n\t\t\t\n\t\t\t<div class=\"col-12 col-lg-5 offset-lg-1 order-2 order-lg-2\">\n\t\t\t\t<div class=\"m-textAndImage__content\" data-aos=\"fade-left\">\n\t\t\t\t\t<p class=\"overlineText color -blue \"><\/p>\n\t\t\t\t\t<div class=\"m-textAndImage__richtext\">\n\t\t\t\t\t\t<p><a href=\"https:\/\/soundforlife.com\" target=\"_blank\" rel=\"noopener\">Sound for Life<\/a> a \u00e9t\u00e9 fond\u00e9e en 2014 par les propri\u00e9taires de la m\u00e9thode Tomatis\u00ae, le leader mondial de la stimulation auditive, pour d\u00e9velopper des produits de stimulation c\u00e9r\u00e9brale innovants, faciles \u00e0 utiliser et accessibles. <a href=\"https:\/\/www.tomatis.com\/en\/company\" target=\"_blank\" rel=\"noopener\">Tomatis<\/a> est notre branche professionnelle : elle encadre plus de 3000 centres de th\u00e9rapie dans le monde et propose des th\u00e9rapies Tomatis\u00ae aux personnes atteintes de troubles de l&rsquo;apprentissage et de la communication. En compl\u00e9ment de Tomatis, Sound for Life offre aux utilisateurs des technologies de stimulation c\u00e9r\u00e9brale universelles, puissantes et accessibles.<\/p>\n<p>Notre mission est d&rsquo;aider les enfants, les adolescents et les adultes du monde entier \u00e0 mieux apprendre et communiquer. Bien que notre si\u00e8ge social soit situ\u00e9 \u00e0 Hong Kong, que nos activit\u00e9s de recherche et d\u00e9veloppement soient men\u00e9es en Europe, nos bureaux dans de nombreux pays, nous sommes unis par un objectif commun : permettre \u00e0 des individus de tous horizons d&rsquo;atteindre leur v\u00e9ritable potentiel gr\u00e2ce aux neurosciences.<\/p>\n<p>Forbrain, un puissant casque d&rsquo;entra\u00eenement c\u00e9r\u00e9bral brevet\u00e9, a \u00e9t\u00e9 le premier produit cr\u00e9\u00e9 par notre soci\u00e9t\u00e9, suivi de Soundsory, un programme de musique et de mouvement visant \u00e0 d\u00e9velopper l&rsquo;int\u00e9gration multisensorielle. En tant que pionnier de la neurotechnologie, nous entreprenons continuellement des recherches et de nouveaux d\u00e9veloppements pour am\u00e9liorer Forbrain et lancer de nouvelles technologies r\u00e9volutionnaires. Tenez-vous inform\u00e9 de la sortie de nos prochains produits <a href=\"https:\/\/www.soundforlife.com\/blog\">sur notre blog<\/a>.<\/p>\n\t\t\t\t\t<\/div>\n\t\t\t\t<\/div>\n\t\t\t<\/div>\n\t\t\t<div class=\"col-12 col-lg-6 order-1 order-lg-1 mb-5 mb-lg-0\">\n\t\t\t\t<div class=\"m-textAndImage__image \" data-aos=\"fade-right\">\n\t\t\t\t\t\t\t\t\t\t\t<img class=\"fullwidth\" src='https:\/\/www.forbrain.com\/wp-content\/uploads\/2021\/06\/our-company.png' \/>\n\t\t\t\t\t\t\t\t\t\t\t\t\t\t\t\t\t\t\t\t\n\t\t\t\t<\/div>\n\t\t\t<\/div>\n\t\t<\/div>\n\t\n\t<\/div>\n\n<\/div>\n\n\n<div class=\"wp-block-buttons is-content-justification-center is-layout-flex wp-container-core-buttons-is-layout-16018d1d wp-block-buttons-is-layout-flex\">\n<div class=\"wp-block-button\"><a class=\"wp-block-button__link has-background wp-element-button\" href=\"https:\/\/soundforlife.com\/#offices\" style=\"background-color:#0199dc\">Nos bureaux et distributeurs<\/a><\/div>\n<\/div>\n\n\n\n<style type=\"text\/css\">\n#twoColumnTiles__block_7971c13fe58bbcc1987b53a152bf8082 {\n\tpadding-top: 30px;\n\tpadding-bottom: 40px;\n}\n\n#twoColumnTiles__block_7971c13fe58bbcc1987b53a152bf8082 .m-twoColumnTiles__title {\n\tcolor: #ffffff;\n}\n\n@media (min-width: 992px) {\n\t#twoColumnTiles__block_7971c13fe58bbcc1987b53a152bf8082 {\n\t\tpadding-top: 0px;\n\t\tpadding-bottom: 0px;\n\t}\n}\n<\/style>\n\n<div id=\"contact-us\">\n\t<div id=\"twoColumnTiles__block_7971c13fe58bbcc1987b53a152bf8082\" class=\"o-twoColumnTiles content -dark image-text \" data-aos=\"fade-up\">\n\n\t\t<div class=\"container-fluid\">\n\t\t\t<div class=\"row\">\n\t\t\t\t<div class=\"col-12 col-lg-6 background -blue  order-2\">\n\t\t\t\t\t<div class=\"row\">\n\t\t\t\t\t\t<div class=\"col-12 d-none d-lg-block\">\n\t\t\t\t\t\t\t<div class=\"m-twoColumnTiles__container\">\n\t\t\t\t\t\t\t\t\t\t\t\t\t\t\t\t<h2 class=\"m-twoColumnTiles__title\">Nous contacter<\/h2>\n\t\t\t\t\t\t\t\t\t\t\t\t\t\t\t\t<p class=\"m-twoColumnTiles__description\">Vous souhaitez vous impliquer dans notre d\u00e9veloppement ? Nous sommes toujours heureux d&rsquo;ouvrir la porte \u00e0 de nouveaux partenariats avec des distributeurs. Contactez-nous d\u00e8s aujourd&rsquo;hui pour en savoir plus sur nos possibilit\u00e9s. <\/p>\n\t\t\t\t\t\t\t\t\t\t\t\t\t\t\t\t<a href=\"#\" class=\"button -secondary contactus_popup\">Contactez-nous <\/a>\n\t\t\t\t\t\t\t\t\t\t\t\t\t\t\t<\/div>\n\t\t\t\t\t\t<\/div>\n\t\t\t\t\t<\/div>\n\t\t\t\t<\/div>\n\n\t\t\t\t<div class=\"col-12 col-lg-6 background -white -imgCol order-1\">\n\t\t\t\t\t<div class=\"row\">\n\t\t\t\t\t\t<div class=\"m-twoColumnTiles__img w-100\" >\n\t\t\t\t\t\t\t<img decoding=\"async\" src=\"https:\/\/www.forbrain.com\/wp-content\/uploads\/2021\/06\/Forbrain_photo10128-FINAL.jpg\">\n\t\t\t\t\t\t<\/div>\n\t\t\t\t\t<\/div>\n\t\t\t\t<\/div>\n\t\t\t<\/div>\n\t\t<\/div>\n\n\t\t<div class=\"m-twoColumnTiles__container d-block d-lg-none\">\n\t\t\t<div class=\"container \">\n\t\t\t\t<div class=\"row\">\n\t\t\t\t\t<div class=\"col-12 col-lg-5\">\n\t\t\t\t\t\t<div class=\"m-twoColumnTiles__contentWrap background -blue\">\n\t\t\t\t\t\t\t\t\t\t\t\t\t\t<h2 class=\"m-twoColumnTiles__title\">Nous contacter<\/h2>\n\t\t\t\t\t\t\t\t\t\t\t\t\t\t<p class=\"m-twoColumnTiles__description\">Vous souhaitez vous impliquer dans notre d\u00e9veloppement ? Nous sommes toujours heureux d&rsquo;ouvrir la porte \u00e0 de nouveaux partenariats avec des distributeurs. Contactez-nous d\u00e8s aujourd&rsquo;hui pour en savoir plus sur nos possibilit\u00e9s. <\/p>\n\t\t\t\t\t\t\t\t\t\t\t\t\t\t<a href=\"#\" class=\"button -secondary contactus_popup\">Contactez-nous <\/a>\n\t\t\t\t\t\t\t\t\t\t\t\t\t<\/div>\n\t\t\t\t\t<\/div>\n\t\t\t\t<\/div>\n\t\t\t<\/div>\n\t\t<\/div>\n\t\t\n\t<\/div>\n<\/div>\n\n\n<style type=\"text\/css\">\n#twoColumnTiles__block_7478ad7a6b43be028bebf23e31febd1f {\n\tpadding-top: 30px;\n\tpadding-bottom: 40px;\n}\n\n#twoColumnTiles__block_7478ad7a6b43be028bebf23e31febd1f .m-twoColumnTiles__title {\n\tcolor: #ffffff;\n}\n\n@media (min-width: 992px) {\n\t#twoColumnTiles__block_7478ad7a6b43be028bebf23e31febd1f {\n\t\tpadding-top: 0px;\n\t\tpadding-bottom: 0px;\n\t}\n}\n<\/style>\n\n<div id=\"our-affiliate-program\">\n\t<div id=\"twoColumnTiles__block_7478ad7a6b43be028bebf23e31febd1f\" class=\"o-twoColumnTiles content -dark text-image \" data-aos=\"fade-up\">\n\n\t\t<div class=\"container-fluid\">\n\t\t\t<div class=\"row\">\n\t\t\t\t<div class=\"col-12 col-lg-6 background -teal  order-1\">\n\t\t\t\t\t<div class=\"row\">\n\t\t\t\t\t\t<div class=\"col-12 d-none d-lg-block\">\n\t\t\t\t\t\t\t<div class=\"m-twoColumnTiles__container\">\n\t\t\t\t\t\t\t\t\t\t\t\t\t\t\t\t<h2 class=\"m-twoColumnTiles__title\">Notre Programme d\u2019affiliation <\/h2>\n\t\t\t\t\t\t\t\t\t\t\t\t\t\t\t\t<p class=\"m-twoColumnTiles__description\">Vous voulez recommander Forbrain \u00e0 vos clients et vos coll\u00e8gues ?<br><br>Avec le programme d&rsquo;affiliation Forbrain, vos clients ont acc\u00e8s \u00e0 des remises sp\u00e9ciales. Vous apportez une solution compl\u00e9mentaire efficace et nous vous aidons \u00e0 vous d\u00e9velopper. Rejoignez d\u00e8s aujourd&rsquo;hui notre communaut\u00e9 mondiale de plus de 7000 professionnels ! <\/p>\n\t\t\t\t\t\t\t\t\t\t\t\t\t\t\t\t<a href=\"https:\/\/www.forbrain.com\/fr\/affilies\/\" class=\"button -secondary \">En savoir plus<\/a>\n\t\t\t\t\t\t\t\t\t\t\t\t\t\t\t<\/div>\n\t\t\t\t\t\t<\/div>\n\t\t\t\t\t<\/div>\n\t\t\t\t<\/div>\n\n\t\t\t\t<div class=\"col-12 col-lg-6 background -white -imgCol order-2\">\n\t\t\t\t\t<div class=\"row\">\n\t\t\t\t\t\t<div class=\"m-twoColumnTiles__img w-100\" >\n\t\t\t\t\t\t\t<img decoding=\"async\" src=\"https:\/\/www.forbrain.com\/wp-content\/uploads\/2021\/06\/GettyImages-1167349902.jpg\">\n\t\t\t\t\t\t<\/div>\n\t\t\t\t\t<\/div>\n\t\t\t\t<\/div>\n\t\t\t<\/div>\n\t\t<\/div>\n\n\t\t<div class=\"m-twoColumnTiles__container d-block d-lg-none\">\n\t\t\t<div class=\"container \">\n\t\t\t\t<div class=\"row\">\n\t\t\t\t\t<div class=\"col-12 col-lg-5\">\n\t\t\t\t\t\t<div class=\"m-twoColumnTiles__contentWrap background -teal\">\n\t\t\t\t\t\t\t\t\t\t\t\t\t\t<h2 class=\"m-twoColumnTiles__title\">Notre Programme d\u2019affiliation <\/h2>\n\t\t\t\t\t\t\t\t\t\t\t\t\t\t<p class=\"m-twoColumnTiles__description\">Vous voulez recommander Forbrain \u00e0 vos clients et vos coll\u00e8gues ?<br><br>Avec le programme d&rsquo;affiliation Forbrain, vos clients ont acc\u00e8s \u00e0 des remises sp\u00e9ciales. Vous apportez une solution compl\u00e9mentaire efficace et nous vous aidons \u00e0 vous d\u00e9velopper. Rejoignez d\u00e8s aujourd&rsquo;hui notre communaut\u00e9 mondiale de plus de 7000 professionnels ! <\/p>\n\t\t\t\t\t\t\t\t\t\t\t\t\t\t<a href=\"https:\/\/www.forbrain.com\/fr\/affilies\/\" class=\"button -secondary \">En savoir plus<\/a>\n\t\t\t\t\t\t\t\t\t\t\t\t\t<\/div>\n\t\t\t\t\t<\/div>\n\t\t\t\t<\/div>\n\t\t\t<\/div>\n\t\t<\/div>\n\t\t\n\t<\/div>\n<\/div>\n\n\n<style type=\"text\/css\">\n#oneColumnContent__block_9678123e67c40976961556626c735a52 {\n\tpadding-top: px;\n\tpadding-bottom: px;\n}\n\n#oneColumnContent__block_9678123e67c40976961556626c735a52 .m-oneColumnContent__title {\n\tcolor: ;\n}\n\n@media (min-width: 992px) {\n\t#oneColumnContent__block_9678123e67c40976961556626c735a52 {\n\t\tpadding-top: 20px;\n\t\tpadding-bottom: 20px;\n\t}\n}\n<\/style>\n\n<div id=\"\">\n\t<div id=\"oneColumnContent__block_9678123e67c40976961556626c735a52\" class=\"o-oneColumnContent background content -blue10 -light\" data-col=\"col-lg-6 offset-lg-3\">\n\t\t<div class=\"container\">\n\t\t  \n\t\t<div class=\"row\">\n\t\t  <div class=\"col-12 col-lg-6 offset-lg-3\">\n\t\t\t\t<h2 class=\"m-oneColumnContent__title\" data-aos=\"fade-up\"><\/h2>\n\t\t\t\t\t\t\t\t\t\t  <\/div>\n\t\t<\/div>\n\n\t\t<\/div>\n\t<\/div>\n<\/div>","protected":false},"excerpt":{"rendered":"","protected":false},"author":7,"featured_media":0,"parent":0,"menu_order":0,"comment_status":"closed","ping_status":"closed","template":"","meta":{"_acf_changed":false,"footnotes":""},"ppma_author":[135],"class_list":["post-2165","page","type-page","status-publish","hentry","author-abhirup"],"acf":[],"yoast_head":"<!-- This site is optimized with the Yoast SEO plugin v27.4 - https:\/\/yoast.com\/product\/yoast-seo-wordpress\/ -->\n<title>\u00c0 propos | Forbrain<\/title>\n<meta name=\"description\" content=\"Sound for Life est une soci\u00e9t\u00e9 leader dans le domaine de la neurotechnologie qui aide les personnes de tous \u00e2ges \u00e0 d\u00e9velopper leur plein potentiel cognitif.\" \/>\n<meta name=\"robots\" content=\"index, follow, max-snippet:-1, max-image-preview:large, max-video-preview:-1\" \/>\n<link rel=\"canonical\" href=\"https:\/\/www.forbrain.com\/fr\/a-propos\/\" \/>\n<meta property=\"og:locale\" content=\"fr_FR\" \/>\n<meta property=\"og:type\" content=\"article\" \/>\n<meta property=\"og:title\" content=\"\u00c0 propos | Forbrain\" \/>\n<meta property=\"og:description\" content=\"Sound for Life est une soci\u00e9t\u00e9 leader dans le domaine de la neurotechnologie qui aide les personnes de tous \u00e2ges \u00e0 d\u00e9velopper leur plein potentiel cognitif.\" \/>\n<meta property=\"og:url\" content=\"https:\/\/www.forbrain.com\/fr\/a-propos\/\" \/>\n<meta property=\"og:site_name\" content=\"Forbrain\" \/>\n<meta property=\"article:modified_time\" content=\"2025-09-19T13:14:22+00:00\" \/>\n<meta name=\"twitter:card\" content=\"summary_large_image\" \/>\n<meta name=\"twitter:label1\" content=\"Dur\u00e9e de lecture estim\u00e9e\" \/>\n\t<meta name=\"twitter:data1\" content=\"1 minute\" \/>\n<script type=\"application\/ld+json\" class=\"yoast-schema-graph\">{\"@context\":\"https:\\\/\\\/schema.org\",\"@graph\":[{\"@type\":\"WebPage\",\"@id\":\"https:\\\/\\\/www.forbrain.com\\\/fr\\\/a-propos\\\/\",\"url\":\"https:\\\/\\\/www.forbrain.com\\\/fr\\\/a-propos\\\/\",\"name\":\"\u00c0 propos | Forbrain\",\"isPartOf\":{\"@id\":\"https:\\\/\\\/www.forbrain.com\\\/fr\\\/#website\"},\"datePublished\":\"2021-06-08T08:56:43+00:00\",\"dateModified\":\"2025-09-19T13:14:22+00:00\",\"description\":\"Sound for Life est une soci\u00e9t\u00e9 leader dans le domaine de la neurotechnologie qui aide les personnes de tous \u00e2ges \u00e0 d\u00e9velopper leur plein potentiel cognitif.\",\"breadcrumb\":{\"@id\":\"https:\\\/\\\/www.forbrain.com\\\/fr\\\/a-propos\\\/#breadcrumb\"},\"inLanguage\":\"fr-FR\",\"potentialAction\":[{\"@type\":\"ReadAction\",\"target\":[\"https:\\\/\\\/www.forbrain.com\\\/fr\\\/a-propos\\\/\"]}]},{\"@type\":\"BreadcrumbList\",\"@id\":\"https:\\\/\\\/www.forbrain.com\\\/fr\\\/a-propos\\\/#breadcrumb\",\"itemListElement\":[{\"@type\":\"ListItem\",\"position\":1,\"name\":\"Accueil\",\"item\":\"https:\\\/\\\/www.forbrain.com\\\/fr\\\/\"},{\"@type\":\"ListItem\",\"position\":2,\"name\":\"\u00c0 propos | Forbrain\"}]},{\"@type\":\"WebSite\",\"@id\":\"https:\\\/\\\/www.forbrain.com\\\/fr\\\/#website\",\"url\":\"https:\\\/\\\/www.forbrain.com\\\/fr\\\/\",\"name\":\"Forbrain\",\"description\":\"\",\"publisher\":{\"@id\":\"https:\\\/\\\/www.forbrain.com\\\/fr\\\/#organization\"},\"potentialAction\":[{\"@type\":\"SearchAction\",\"target\":{\"@type\":\"EntryPoint\",\"urlTemplate\":\"https:\\\/\\\/www.forbrain.com\\\/fr\\\/?s={search_term_string}\"},\"query-input\":{\"@type\":\"PropertyValueSpecification\",\"valueRequired\":true,\"valueName\":\"search_term_string\"}}],\"inLanguage\":\"fr-FR\"},{\"@type\":\"Organization\",\"@id\":\"https:\\\/\\\/www.forbrain.com\\\/fr\\\/#organization\",\"name\":\"Forbrain\",\"url\":\"https:\\\/\\\/www.forbrain.com\\\/fr\\\/\",\"logo\":{\"@type\":\"ImageObject\",\"inLanguage\":\"fr-FR\",\"@id\":\"https:\\\/\\\/www.forbrain.com\\\/fr\\\/#\\\/schema\\\/logo\\\/image\\\/\",\"url\":\"https:\\\/\\\/www.forbrain.com\\\/wp-content\\\/uploads\\\/2024\\\/12\\\/Blue_Forbrain_Logo-copy-1.svg\",\"contentUrl\":\"https:\\\/\\\/www.forbrain.com\\\/wp-content\\\/uploads\\\/2024\\\/12\\\/Blue_Forbrain_Logo-copy-1.svg\",\"caption\":\"Forbrain\"},\"image\":{\"@id\":\"https:\\\/\\\/www.forbrain.com\\\/fr\\\/#\\\/schema\\\/logo\\\/image\\\/\"}}]}<\/script>\n<!-- \/ Yoast SEO plugin. -->","yoast_head_json":{"title":"\u00c0 propos | Forbrain","description":"Sound for Life est une soci\u00e9t\u00e9 leader dans le domaine de la neurotechnologie qui aide les personnes de tous \u00e2ges \u00e0 d\u00e9velopper leur plein potentiel cognitif.","robots":{"index":"index","follow":"follow","max-snippet":"max-snippet:-1","max-image-preview":"max-image-preview:large","max-video-preview":"max-video-preview:-1"},"canonical":"https:\/\/www.forbrain.com\/fr\/a-propos\/","og_locale":"fr_FR","og_type":"article","og_title":"\u00c0 propos | Forbrain","og_description":"Sound for Life est une soci\u00e9t\u00e9 leader dans le domaine de la neurotechnologie qui aide les personnes de tous \u00e2ges \u00e0 d\u00e9velopper leur plein potentiel cognitif.","og_url":"https:\/\/www.forbrain.com\/fr\/a-propos\/","og_site_name":"Forbrain","article_modified_time":"2025-09-19T13:14:22+00:00","twitter_card":"summary_large_image","twitter_misc":{"Dur\u00e9e de lecture estim\u00e9e":"1 minute"},"schema":{"@context":"https:\/\/schema.org","@graph":[{"@type":"WebPage","@id":"https:\/\/www.forbrain.com\/fr\/a-propos\/","url":"https:\/\/www.forbrain.com\/fr\/a-propos\/","name":"\u00c0 propos | Forbrain","isPartOf":{"@id":"https:\/\/www.forbrain.com\/fr\/#website"},"datePublished":"2021-06-08T08:56:43+00:00","dateModified":"2025-09-19T13:14:22+00:00","description":"Sound for Life est une soci\u00e9t\u00e9 leader dans le domaine de la neurotechnologie qui aide les personnes de tous \u00e2ges \u00e0 d\u00e9velopper leur plein potentiel cognitif.","breadcrumb":{"@id":"https:\/\/www.forbrain.com\/fr\/a-propos\/#breadcrumb"},"inLanguage":"fr-FR","potentialAction":[{"@type":"ReadAction","target":["https:\/\/www.forbrain.com\/fr\/a-propos\/"]}]},{"@type":"BreadcrumbList","@id":"https:\/\/www.forbrain.com\/fr\/a-propos\/#breadcrumb","itemListElement":[{"@type":"ListItem","position":1,"name":"Accueil","item":"https:\/\/www.forbrain.com\/fr\/"},{"@type":"ListItem","position":2,"name":"\u00c0 propos | Forbrain"}]},{"@type":"WebSite","@id":"https:\/\/www.forbrain.com\/fr\/#website","url":"https:\/\/www.forbrain.com\/fr\/","name":"Forbrain","description":"","publisher":{"@id":"https:\/\/www.forbrain.com\/fr\/#organization"},"potentialAction":[{"@type":"SearchAction","target":{"@type":"EntryPoint","urlTemplate":"https:\/\/www.forbrain.com\/fr\/?s={search_term_string}"},"query-input":{"@type":"PropertyValueSpecification","valueRequired":true,"valueName":"search_term_string"}}],"inLanguage":"fr-FR"},{"@type":"Organization","@id":"https:\/\/www.forbrain.com\/fr\/#organization","name":"Forbrain","url":"https:\/\/www.forbrain.com\/fr\/","logo":{"@type":"ImageObject","inLanguage":"fr-FR","@id":"https:\/\/www.forbrain.com\/fr\/#\/schema\/logo\/image\/","url":"https:\/\/www.forbrain.com\/wp-content\/uploads\/2024\/12\/Blue_Forbrain_Logo-copy-1.svg","contentUrl":"https:\/\/www.forbrain.com\/wp-content\/uploads\/2024\/12\/Blue_Forbrain_Logo-copy-1.svg","caption":"Forbrain"},"image":{"@id":"https:\/\/www.forbrain.com\/fr\/#\/schema\/logo\/image\/"}}]}},"_links":{"self":[{"href":"https:\/\/www.forbrain.com\/fr\/wp-json\/wp\/v2\/pages\/2165","targetHints":{"allow":["GET"]}}],"collection":[{"href":"https:\/\/www.forbrain.com\/fr\/wp-json\/wp\/v2\/pages"}],"about":[{"href":"https:\/\/www.forbrain.com\/fr\/wp-json\/wp\/v2\/types\/page"}],"author":[{"embeddable":true,"href":"https:\/\/www.forbrain.com\/fr\/wp-json\/wp\/v2\/users\/7"}],"replies":[{"embeddable":true,"href":"https:\/\/www.forbrain.com\/fr\/wp-json\/wp\/v2\/comments?post=2165"}],"version-history":[{"count":57,"href":"https:\/\/www.forbrain.com\/fr\/wp-json\/wp\/v2\/pages\/2165\/revisions"}],"predecessor-version":[{"id":25954,"href":"https:\/\/www.forbrain.com\/fr\/wp-json\/wp\/v2\/pages\/2165\/revisions\/25954"}],"wp:attachment":[{"href":"https:\/\/www.forbrain.com\/fr\/wp-json\/wp\/v2\/media?parent=2165"}],"wp:term":[{"taxonomy":"author","embeddable":true,"href":"https:\/\/www.forbrain.com\/fr\/wp-json\/wp\/v2\/ppma_author?post=2165"}],"curies":[{"name":"wp","href":"https:\/\/api.w.org\/{rel}","templated":true}]}}