{"id":14550,"date":"2023-07-19T12:41:22","date_gmt":"2023-07-19T12:41:22","guid":{"rendered":"https:\/\/www.forbrain.com\/?page_id=14550"},"modified":"2023-07-19T12:54:07","modified_gmt":"2023-07-19T12:54:07","slug":"nous-contacter","status":"publish","type":"page","link":"https:\/\/www.forbrain.com\/fr\/nous-contacter\/","title":{"rendered":"Nous contacter"},"content":{"rendered":"\n<style type=\"text\/css\">\n#richtext__block_64b7d8b96e920 {\n\tpadding-top: 30px;\n\tpadding-bottom: 10px;\n}\n\n@media (min-width: 992px) {\n\t#richtext__block_64b7d8b96e920 {\n\t\tpadding-top: 80px;\n\t\tpadding-bottom: 20px;\n\t}\n}\n<\/style>\n\n<div id=\"richtext__block_64b7d8b96e920\" class=\"o-richtext background content -white -light\">\n\t<div class=\"container\">\n\t\t\t<div class=\"row\">\n\t\t\t\t<div class=\"col-12\">\n\t\t\t\t\t<div class=\"m-richtext__content\">\n\t\t\t\t\t\t<h1 class=\"text-left text-lg-center color -blue\">Vous avez une question?<br \/>\nContactez-nous.<\/h1>\n<h5 class=\"text-left text-lg-center\">Si vous ne l&rsquo;avez pas encore fait, consultez la liste compl\u00e8te des questions dans notre <a href=\"https:\/\/www.forbrain.com\/fr\/faqs\/\" rel=\"noopener\">FAQs<\/a> pour obtenir des r\u00e9ponses sur les commandes, l&rsquo;utilisation de votre Forbrain et tout ce qui s&rsquo;y rapporte.<\/h5>\n<h5 class=\"text-left text-lg-center\">\nVous cherchez toujours une r\u00e9ponse ? Remplissez le formulaire ci-dessous et nous r\u00e9pondrons \u00e0 votre message le jour ouvrable suivant. Nous avons h\u00e2te de vous aider.<\/h5>\n<p><script charset=\"utf-8\" type=\"text\/javascript\" src=\"\/\/js.hsforms.net\/forms\/embed\/v2.js\"><\/script><br \/>\n<script>\n  hbspt.forms.create({\n    region: \"na1\",\n    portalId: \"4540908\",\n    formId: \"9768492e-81d2-4ffb-9f96-37962853728a\"\n  });\n<\/script><\/p>\n\t\t\t\t\t<\/div>\n\t\t\t\t<\/div>\n\t\t\t<\/div>\n\t<\/div>\n<\/div>","protected":false},"excerpt":{"rendered":"","protected":false},"author":25,"featured_media":0,"parent":0,"menu_order":0,"comment_status":"closed","ping_status":"closed","template":"","meta":{"_acf_changed":false,"footnotes":""},"ppma_author":[140],"class_list":["post-14550","page","type-page","status-publish","hentry","author-maurycy"],"acf":[],"yoast_head":"<!-- This site is optimized with the Yoast SEO plugin v27.5 - https:\/\/yoast.com\/product\/yoast-seo-wordpress\/ -->\n<title>Nous contacter - Forbrain<\/title>\n<meta name=\"robots\" content=\"noindex, nofollow\" \/>\n<meta property=\"og:locale\" content=\"fr_FR\" \/>\n<meta property=\"og:type\" content=\"article\" \/>\n<meta property=\"og:title\" content=\"Nous contacter - Forbrain\" \/>\n<meta property=\"og:url\" content=\"https:\/\/www.forbrain.com\/fr\/nous-contacter\/\" \/>\n<meta property=\"og:site_name\" content=\"Forbrain\" \/>\n<meta property=\"article:modified_time\" content=\"2023-07-19T12:54:07+00:00\" \/>\n<meta name=\"twitter:card\" content=\"summary_large_image\" \/>\n<script type=\"application\/ld+json\" class=\"yoast-schema-graph\">{\"@context\":\"https:\\\/\\\/schema.org\",\"@graph\":[{\"@type\":\"WebPage\",\"@id\":\"https:\\\/\\\/www.forbrain.com\\\/fr\\\/nous-contacter\\\/\",\"url\":\"https:\\\/\\\/www.forbrain.com\\\/fr\\\/nous-contacter\\\/\",\"name\":\"Nous contacter - Forbrain\",\"isPartOf\":{\"@id\":\"https:\\\/\\\/www.forbrain.com\\\/fr\\\/#website\"},\"datePublished\":\"2023-07-19T12:41:22+00:00\",\"dateModified\":\"2023-07-19T12:54:07+00:00\",\"breadcrumb\":{\"@id\":\"https:\\\/\\\/www.forbrain.com\\\/fr\\\/nous-contacter\\\/#breadcrumb\"},\"inLanguage\":\"fr-FR\",\"potentialAction\":[{\"@type\":\"ReadAction\",\"target\":[\"https:\\\/\\\/www.forbrain.com\\\/fr\\\/nous-contacter\\\/\"]}]},{\"@type\":\"BreadcrumbList\",\"@id\":\"https:\\\/\\\/www.forbrain.com\\\/fr\\\/nous-contacter\\\/#breadcrumb\",\"itemListElement\":[{\"@type\":\"ListItem\",\"position\":1,\"name\":\"Accueil\",\"item\":\"https:\\\/\\\/www.forbrain.com\\\/fr\\\/\"},{\"@type\":\"ListItem\",\"position\":2,\"name\":\"Nous contacter\"}]},{\"@type\":\"WebSite\",\"@id\":\"https:\\\/\\\/www.forbrain.com\\\/fr\\\/#website\",\"url\":\"https:\\\/\\\/www.forbrain.com\\\/fr\\\/\",\"name\":\"Forbrain\",\"description\":\"\",\"publisher\":{\"@id\":\"https:\\\/\\\/www.forbrain.com\\\/fr\\\/#organization\"},\"potentialAction\":[{\"@type\":\"SearchAction\",\"target\":{\"@type\":\"EntryPoint\",\"urlTemplate\":\"https:\\\/\\\/www.forbrain.com\\\/fr\\\/?s={search_term_string}\"},\"query-input\":{\"@type\":\"PropertyValueSpecification\",\"valueRequired\":true,\"valueName\":\"search_term_string\"}}],\"inLanguage\":\"fr-FR\"},{\"@type\":\"Organization\",\"@id\":\"https:\\\/\\\/www.forbrain.com\\\/fr\\\/#organization\",\"name\":\"Forbrain\",\"url\":\"https:\\\/\\\/www.forbrain.com\\\/fr\\\/\",\"logo\":{\"@type\":\"ImageObject\",\"inLanguage\":\"fr-FR\",\"@id\":\"https:\\\/\\\/www.forbrain.com\\\/fr\\\/#\\\/schema\\\/logo\\\/image\\\/\",\"url\":\"https:\\\/\\\/www.forbrain.com\\\/wp-content\\\/uploads\\\/2024\\\/12\\\/Blue_Forbrain_Logo-copy-1.svg\",\"contentUrl\":\"https:\\\/\\\/www.forbrain.com\\\/wp-content\\\/uploads\\\/2024\\\/12\\\/Blue_Forbrain_Logo-copy-1.svg\",\"caption\":\"Forbrain\"},\"image\":{\"@id\":\"https:\\\/\\\/www.forbrain.com\\\/fr\\\/#\\\/schema\\\/logo\\\/image\\\/\"}}]}<\/script>\n<!-- \/ Yoast SEO plugin. -->","yoast_head_json":{"title":"Nous contacter - Forbrain","robots":{"index":"noindex","follow":"nofollow"},"og_locale":"fr_FR","og_type":"article","og_title":"Nous contacter - Forbrain","og_url":"https:\/\/www.forbrain.com\/fr\/nous-contacter\/","og_site_name":"Forbrain","article_modified_time":"2023-07-19T12:54:07+00:00","twitter_card":"summary_large_image","schema":{"@context":"https:\/\/schema.org","@graph":[{"@type":"WebPage","@id":"https:\/\/www.forbrain.com\/fr\/nous-contacter\/","url":"https:\/\/www.forbrain.com\/fr\/nous-contacter\/","name":"Nous contacter - Forbrain","isPartOf":{"@id":"https:\/\/www.forbrain.com\/fr\/#website"},"datePublished":"2023-07-19T12:41:22+00:00","dateModified":"2023-07-19T12:54:07+00:00","breadcrumb":{"@id":"https:\/\/www.forbrain.com\/fr\/nous-contacter\/#breadcrumb"},"inLanguage":"fr-FR","potentialAction":[{"@type":"ReadAction","target":["https:\/\/www.forbrain.com\/fr\/nous-contacter\/"]}]},{"@type":"BreadcrumbList","@id":"https:\/\/www.forbrain.com\/fr\/nous-contacter\/#breadcrumb","itemListElement":[{"@type":"ListItem","position":1,"name":"Accueil","item":"https:\/\/www.forbrain.com\/fr\/"},{"@type":"ListItem","position":2,"name":"Nous contacter"}]},{"@type":"WebSite","@id":"https:\/\/www.forbrain.com\/fr\/#website","url":"https:\/\/www.forbrain.com\/fr\/","name":"Forbrain","description":"","publisher":{"@id":"https:\/\/www.forbrain.com\/fr\/#organization"},"potentialAction":[{"@type":"SearchAction","target":{"@type":"EntryPoint","urlTemplate":"https:\/\/www.forbrain.com\/fr\/?s={search_term_string}"},"query-input":{"@type":"PropertyValueSpecification","valueRequired":true,"valueName":"search_term_string"}}],"inLanguage":"fr-FR"},{"@type":"Organization","@id":"https:\/\/www.forbrain.com\/fr\/#organization","name":"Forbrain","url":"https:\/\/www.forbrain.com\/fr\/","logo":{"@type":"ImageObject","inLanguage":"fr-FR","@id":"https:\/\/www.forbrain.com\/fr\/#\/schema\/logo\/image\/","url":"https:\/\/www.forbrain.com\/wp-content\/uploads\/2024\/12\/Blue_Forbrain_Logo-copy-1.svg","contentUrl":"https:\/\/www.forbrain.com\/wp-content\/uploads\/2024\/12\/Blue_Forbrain_Logo-copy-1.svg","caption":"Forbrain"},"image":{"@id":"https:\/\/www.forbrain.com\/fr\/#\/schema\/logo\/image\/"}}]}},"_links":{"self":[{"href":"https:\/\/www.forbrain.com\/fr\/wp-json\/wp\/v2\/pages\/14550","targetHints":{"allow":["GET"]}}],"collection":[{"href":"https:\/\/www.forbrain.com\/fr\/wp-json\/wp\/v2\/pages"}],"about":[{"href":"https:\/\/www.forbrain.com\/fr\/wp-json\/wp\/v2\/types\/page"}],"author":[{"embeddable":true,"href":"https:\/\/www.forbrain.com\/fr\/wp-json\/wp\/v2\/users\/25"}],"replies":[{"embeddable":true,"href":"https:\/\/www.forbrain.com\/fr\/wp-json\/wp\/v2\/comments?post=14550"}],"version-history":[{"count":7,"href":"https:\/\/www.forbrain.com\/fr\/wp-json\/wp\/v2\/pages\/14550\/revisions"}],"predecessor-version":[{"id":14558,"href":"https:\/\/www.forbrain.com\/fr\/wp-json\/wp\/v2\/pages\/14550\/revisions\/14558"}],"wp:attachment":[{"href":"https:\/\/www.forbrain.com\/fr\/wp-json\/wp\/v2\/media?parent=14550"}],"wp:term":[{"taxonomy":"author","embeddable":true,"href":"https:\/\/www.forbrain.com\/fr\/wp-json\/wp\/v2\/ppma_author?post=14550"}],"curies":[{"name":"wp","href":"https:\/\/api.w.org\/{rel}","templated":true}]}}