{"id":2008,"date":"2021-06-08T08:56:43","date_gmt":"2021-06-08T08:56:43","guid":{"rendered":"https:\/\/demo.forbrain.com\/about-us\/"},"modified":"2025-09-19T13:15:49","modified_gmt":"2025-09-19T13:15:49","slug":"quienes-somos","status":"publish","type":"page","link":"https:\/\/www.forbrain.com\/es\/quienes-somos\/","title":{"rendered":"Quienes somos | Forbrain"},"content":{"rendered":"\n<style type=\"text\/css\">\n#hero__block_a0ce08c3e52e9a31c487a907622e8c27 {\n\tpadding-top: 30px;\n\tpadding-bottom: px;\n}\n\n@media (min-width: 992px) {\n\t#hero__block_a0ce08c3e52e9a31c487a907622e8c27 {\n\t\t\t\tbackground-image: url('https:\/\/www.forbrain.com\/wp-content\/uploads\/2021\/06\/abousus-banner.jpg');\n\t\tbackground-position: right center;\n\t\tbackground-size: cover;\n\t\t\t\tpadding-top: 100px;\n\t\tpadding-bottom: 115px;\n\t}\n}\n<\/style>\n\n<div id=\"hero__block_a0ce08c3e52e9a31c487a907622e8c27\" class=\"o-hero background content -white\">\n\t<div class=\"container\">\n\n\t\t<div class=\"row\">\n\t\t\t<div class=\"col-12 col-lg-7\">\n\t\t\t\t<h1 class=\"m-hero__title\">Transformar y enriquecer las vidas de ni\u00f1os y adultos en todo el mundo<\/h1>\n\t\t\t<\/div>\n\t\t<\/div>\n\n\t\t<div class=\"row\">\n\t\t\t<div class=\"col-12 col-lg-7\">\n\t\t\t\t<h5 class=\"m-hero__description\">Sound for Life es una empresa de neurotecnolog\u00eda l\u00edder en el mercado que ayuda a personas de todas las edades a desarrollar todo su potencial a trav\u00e9s de la estimulaci\u00f3n cerebral.<\/h5>\n\t\t\t\t\n\t\t\t\t<div class=\"m-hero__ctas\">\n\t\t\t\t\t\t\t\t\n\t\t\t\t\t\t\t\t<\/div>\n\t\t\t\t\n\t\t\t<\/div>\n\t\t<\/div>\n\n\t\t<div class=\"d-lg-none row\">\n\t\t\t\t\t\t<img decoding=\"async\" class=\"m-hero__imageMobile \" src=\"https:\/\/www.forbrain.com\/wp-content\/uploads\/2021\/06\/aboutus-banner-mobile.jpg\">\n\t\t\t\t\t<\/div>\n\n\t<\/div>\n<\/div>\n\n\r\n<style type=\"text\/css\">\r\n#stickyNav__block_b9001951938db383e958c5987710d2ce {\r\n\tpadding-top: 20px;\r\n\tpadding-bottom: 20px;\r\n}\r\n\r\n@media (min-width: 992px) {\r\n\t#stickyNav__block_b9001951938db383e958c5987710d2ce {\r\n\t\tpadding-top: 25px;\r\n\t\tpadding-bottom: 25px;\r\n\t}\r\n}\r\n<\/style>\r\n\r\n<div id=\"stickyNav__block_b9001951938db383e958c5987710d2ce\" class=\"o-stickyNav background content -blue -dark\">\r\n\t<div class=\"container\">\r\n\t\t<div class=\"m-stickyNav__wrap d-flex justify-content-center\">\r\n\t\t\t<nav class=\"m-stickyNav__nav\">\t\t\t\t\t\t<a class=\"stickyNav\" href=\"#nuestra-empresa\">Nuestra empresa<\/a>\r\n\t\t\t\t\t\t\t\t\t\t\t<a class=\"stickyNav\" href=\"#contacte-con-nosotros\">Contacte con nosotros<\/a>\r\n\t\t\t\t\t\t\t\t\t\t\t<a class=\"stickyNav\" href=\"#programa-de-afiliados\">Programa de afiliados<\/a>\r\n\t\t\t\t\t<\/nav>\t\t<\/div>\r\n\t<\/div>\r\n\r\n<\/div>\n\n\n<style type=\"text\/css\">\n.block_258a38e673d68e84412eb817840d0195 {\n\tpadding-top: 50px;\n\tpadding-bottom: 50px;\n}\n\t.block_258a38e673d68e84412eb817840d0195 .m-textAndImage__image  img{\n\t\tmax-width: 100% !important;\n\t}\n\n\n@media (min-width: 992px) {\n\t.block_258a38e673d68e84412eb817840d0195 {\n\t\tpadding-top: 100px;\n\t\tpadding-bottom: 50px;\n\t}\n}\n<\/style>\n\n\n<div id=\"nuestra-empresa\" class=\"o-textAndImage background content -white  block_258a38e673d68e84412eb817840d0195 layoutV1 image-text\">\n\t<div class=\"container\">\n\t\t<div class=\"row\">\n\t\t\t<div class=\"col-12\">\n\t\t\t\t\t\t\t\t<h2 class=\"color -blue text-lg-center\">Nuestra empresa<\/h2>\n\t\t\t\t\t\t\t<\/div>\n\t\t<\/div>\n\n\t\t<div class=\"row\">\n\t\t\n\t\t\t<div class=\"col-12 d-none\">\n\t\t\t\t<p class=\"overlineText color -blue\"><\/p>\n\t\t\t<\/div>\n\t\t\t\n\t\t\t<div class=\"col-12 col-lg-5 offset-lg-1 order-2 order-lg-2\">\n\t\t\t\t<div class=\"m-textAndImage__content\" data-aos=\"fade-left\">\n\t\t\t\t\t<p class=\"overlineText color -blue \"><\/p>\n\t\t\t\t\t<div class=\"m-textAndImage__richtext\">\n\t\t\t\t\t\t<p><a href=\"https:\/\/soundforlife.com\">Sound for Life<\/a> fue fundada en 2014 por los propietarios del M\u00e9todo Tomatis\u00ae, l\u00edder mundial en estimulaci\u00f3n auditiva, para desarrollar y comercializar productos de estimulaci\u00f3n cerebral accesibles, innovadores y f\u00e1ciles de utilizar. <a href=\"https:\/\/www.tomatis.com\/en\/company\">Tomatis<\/a> es nuestra rama para profesionales y opera en m\u00e1s de 3 000 centros de terapia en todo el mundo para proporcionar soluciones del M\u00e9todo Tomatis\u00ae a personas con trastornos de aprendizaje. Como complemento de Tomatis, Sound for Life ofrece tecnolog\u00edas de estimulaci\u00f3n cerebral asequibles y accesibles a todas las personas.<\/p>\n<p>Nuestra misi\u00f3n es ayudar a ni\u00f1os, adolescentes y adultos de todo el mundo a aprender y comunicarse mejor. Aunque nuestra oficina principal est\u00e1 en Hong Kong y nuestras labores de I+D se llevan a cabo por toda Europa, nos une un objetivo com\u00fan: permitir que cualquier persona alcance su verdadero potencial.<\/p>\n<p>Forbrain, un potente dispositivo de entrenamiento cerebral patentado, fue el primer producto creado por nuestra empresa, seguido por Soundsory, un programa de m\u00fasica y movimiento para desarrollar la integraci\u00f3n multisensorial. Como pioneros en neurotecnolog\u00eda, siempre estamos investigando para desarrollar a\u00fan m\u00e1s Forbrain y presentar nuevas tecnolog\u00edas de vanguardia. Puede mantenerse al d\u00eda sobre los nuevos productos que vamos comercializando <a href=\"https:\/\/www.soundforlife.com\/blog\" target=\"_blank\">en el blog<\/a>.<\/p>\n\t\t\t\t\t<\/div>\n\t\t\t\t<\/div>\n\t\t\t<\/div>\n\t\t\t<div class=\"col-12 col-lg-6 order-1 order-lg-1 mb-5 mb-lg-0\">\n\t\t\t\t<div class=\"m-textAndImage__image \" data-aos=\"fade-right\">\n\t\t\t\t\t\t\t\t\t\t\t<img class=\"fullwidth\" src='https:\/\/www.forbrain.com\/wp-content\/uploads\/2021\/06\/our-company.png' \/>\n\t\t\t\t\t\t\t\t\t\t\t\t\t\t\t\t\t\t\t\t\n\t\t\t\t<\/div>\n\t\t\t<\/div>\n\t\t<\/div>\n\t\n\t<\/div>\n\n<\/div>\n\n\n<div class=\"wp-block-buttons is-content-justification-center is-layout-flex wp-container-core-buttons-is-layout-16018d1d wp-block-buttons-is-layout-flex\">\n<div class=\"wp-block-button\"><a class=\"wp-block-button__link has-background wp-element-button\" href=\"https:\/\/soundforlife.com\/#offices\" style=\"background-color:#0199dc\">Nuestras oficinas y distribuidores<\/a><\/div>\n<\/div>\n\n\n\n<style type=\"text\/css\">\n#twoColumnTiles__block_4dffddb6cbff99e129858aaa248c6e25 {\n\tpadding-top: 30px;\n\tpadding-bottom: 40px;\n}\n\n#twoColumnTiles__block_4dffddb6cbff99e129858aaa248c6e25 .m-twoColumnTiles__title {\n\tcolor: #ffffff;\n}\n\n@media (min-width: 992px) {\n\t#twoColumnTiles__block_4dffddb6cbff99e129858aaa248c6e25 {\n\t\tpadding-top: 0px;\n\t\tpadding-bottom: 0px;\n\t}\n}\n<\/style>\n\n<div id=\"contacte-con-nosotros\">\n\t<div id=\"twoColumnTiles__block_4dffddb6cbff99e129858aaa248c6e25\" class=\"o-twoColumnTiles content -dark image-text \" data-aos=\"fade-up\">\n\n\t\t<div class=\"container-fluid\">\n\t\t\t<div class=\"row\">\n\t\t\t\t<div class=\"col-12 col-lg-6 background -blue  order-2\">\n\t\t\t\t\t<div class=\"row\">\n\t\t\t\t\t\t<div class=\"col-12 d-none d-lg-block\">\n\t\t\t\t\t\t\t<div class=\"m-twoColumnTiles__container\">\n\t\t\t\t\t\t\t\t\t\t\t\t\t\t\t\t<h2 class=\"m-twoColumnTiles__title\">Contacte con nosotros<\/h2>\n\t\t\t\t\t\t\t\t\t\t\t\t\t\t\t\t<p class=\"m-twoColumnTiles__description\">Desea trabajar con Sound for Life? Nuestras puertas siempre est\u00e1n abiertas para nuevos distribuidores. P\u00f3ngase en contacto con nosotros desde hoy para saber m\u00e1s sobre nuestras oportunidades.<\/p>\n\t\t\t\t\t\t\t\t\t\t\t\t\t\t\t\t<a href=\"#\" class=\"button -secondary contactus_popup\">Contacto<\/a>\n\t\t\t\t\t\t\t\t\t\t\t\t\t\t\t<\/div>\n\t\t\t\t\t\t<\/div>\n\t\t\t\t\t<\/div>\n\t\t\t\t<\/div>\n\n\t\t\t\t<div class=\"col-12 col-lg-6 background -white -imgCol order-1\">\n\t\t\t\t\t<div class=\"row\">\n\t\t\t\t\t\t<div class=\"m-twoColumnTiles__img w-100\" >\n\t\t\t\t\t\t\t<img decoding=\"async\" src=\"https:\/\/www.forbrain.com\/wp-content\/uploads\/2021\/06\/Forbrain_photo10128-FINAL.jpg\">\n\t\t\t\t\t\t<\/div>\n\t\t\t\t\t<\/div>\n\t\t\t\t<\/div>\n\t\t\t<\/div>\n\t\t<\/div>\n\n\t\t<div class=\"m-twoColumnTiles__container d-block d-lg-none\">\n\t\t\t<div class=\"container \">\n\t\t\t\t<div class=\"row\">\n\t\t\t\t\t<div class=\"col-12 col-lg-5\">\n\t\t\t\t\t\t<div class=\"m-twoColumnTiles__contentWrap background -blue\">\n\t\t\t\t\t\t\t\t\t\t\t\t\t\t<h2 class=\"m-twoColumnTiles__title\">Contacte con nosotros<\/h2>\n\t\t\t\t\t\t\t\t\t\t\t\t\t\t<p class=\"m-twoColumnTiles__description\">Desea trabajar con Sound for Life? Nuestras puertas siempre est\u00e1n abiertas para nuevos distribuidores. P\u00f3ngase en contacto con nosotros desde hoy para saber m\u00e1s sobre nuestras oportunidades.<\/p>\n\t\t\t\t\t\t\t\t\t\t\t\t\t\t<a href=\"#\" class=\"button -secondary contactus_popup\">Contacto<\/a>\n\t\t\t\t\t\t\t\t\t\t\t\t\t<\/div>\n\t\t\t\t\t<\/div>\n\t\t\t\t<\/div>\n\t\t\t<\/div>\n\t\t<\/div>\n\t\t\n\t<\/div>\n<\/div>\n\n\n<style type=\"text\/css\">\n#twoColumnTiles__block_31e6a571f9dfe00becbf76aa30a5e8c7 {\n\tpadding-top: 30px;\n\tpadding-bottom: 40px;\n}\n\n#twoColumnTiles__block_31e6a571f9dfe00becbf76aa30a5e8c7 .m-twoColumnTiles__title {\n\tcolor: #ffffff;\n}\n\n@media (min-width: 992px) {\n\t#twoColumnTiles__block_31e6a571f9dfe00becbf76aa30a5e8c7 {\n\t\tpadding-top: 0px;\n\t\tpadding-bottom: 0px;\n\t}\n}\n<\/style>\n\n<div id=\"programa-de-afiliados\">\n\t<div id=\"twoColumnTiles__block_31e6a571f9dfe00becbf76aa30a5e8c7\" class=\"o-twoColumnTiles content -dark text-image \" data-aos=\"fade-up\">\n\n\t\t<div class=\"container-fluid\">\n\t\t\t<div class=\"row\">\n\t\t\t\t<div class=\"col-12 col-lg-6 background -teal  order-1\">\n\t\t\t\t\t<div class=\"row\">\n\t\t\t\t\t\t<div class=\"col-12 d-none d-lg-block\">\n\t\t\t\t\t\t\t<div class=\"m-twoColumnTiles__container\">\n\t\t\t\t\t\t\t\t\t\t\t\t\t\t\t\t<h2 class=\"m-twoColumnTiles__title\">Programa de afiliados<\/h2>\n\t\t\t\t\t\t\t\t\t\t\t\t\t\t\t\t<p class=\"m-twoColumnTiles__description\">\u00bfDesea recomendar Forbrain a clientes y colegas?<br><br>Con el Programa de afiliados de Forbrain, puede dar a sus clientes acceso a descuentos especiales a la vez que obtiene mejores resultados con su trabajo y respalda su pr\u00e1ctica desde el punto de vista financiero. \u00a1\u00danase ya a una comunidad mundial de m\u00e1s de 7 000 profesionales!<\/p>\n\t\t\t\t\t\t\t\t\t\t\t\t\t\t\t\t<a href=\"https:\/\/www.forbrain.com\/es\/afiliados\/\" class=\"button -secondary \">Para m\u00e1s informaci\u00f3n:<\/a>\n\t\t\t\t\t\t\t\t\t\t\t\t\t\t\t<\/div>\n\t\t\t\t\t\t<\/div>\n\t\t\t\t\t<\/div>\n\t\t\t\t<\/div>\n\n\t\t\t\t<div class=\"col-12 col-lg-6 background -white -imgCol order-2\">\n\t\t\t\t\t<div class=\"row\">\n\t\t\t\t\t\t<div class=\"m-twoColumnTiles__img w-100\" >\n\t\t\t\t\t\t\t<img decoding=\"async\" src=\"https:\/\/www.forbrain.com\/wp-content\/uploads\/2021\/06\/GettyImages-1167349902.jpg\">\n\t\t\t\t\t\t<\/div>\n\t\t\t\t\t<\/div>\n\t\t\t\t<\/div>\n\t\t\t<\/div>\n\t\t<\/div>\n\n\t\t<div class=\"m-twoColumnTiles__container d-block d-lg-none\">\n\t\t\t<div class=\"container \">\n\t\t\t\t<div class=\"row\">\n\t\t\t\t\t<div class=\"col-12 col-lg-5\">\n\t\t\t\t\t\t<div class=\"m-twoColumnTiles__contentWrap background -teal\">\n\t\t\t\t\t\t\t\t\t\t\t\t\t\t<h2 class=\"m-twoColumnTiles__title\">Programa de afiliados<\/h2>\n\t\t\t\t\t\t\t\t\t\t\t\t\t\t<p class=\"m-twoColumnTiles__description\">\u00bfDesea recomendar Forbrain a clientes y colegas?<br><br>Con el Programa de afiliados de Forbrain, puede dar a sus clientes acceso a descuentos especiales a la vez que obtiene mejores resultados con su trabajo y respalda su pr\u00e1ctica desde el punto de vista financiero. \u00a1\u00danase ya a una comunidad mundial de m\u00e1s de 7 000 profesionales!<\/p>\n\t\t\t\t\t\t\t\t\t\t\t\t\t\t<a href=\"https:\/\/www.forbrain.com\/es\/afiliados\/\" class=\"button -secondary \">Para m\u00e1s informaci\u00f3n:<\/a>\n\t\t\t\t\t\t\t\t\t\t\t\t\t<\/div>\n\t\t\t\t\t<\/div>\n\t\t\t\t<\/div>\n\t\t\t<\/div>\n\t\t<\/div>\n\t\t\n\t<\/div>\n<\/div>\n\n\n<style type=\"text\/css\">\n#oneColumnContent__block_4f02c909000b5e06f4a99fd5289f7ac8 {\n\tpadding-top: px;\n\tpadding-bottom: px;\n}\n\n#oneColumnContent__block_4f02c909000b5e06f4a99fd5289f7ac8 .m-oneColumnContent__title {\n\tcolor: ;\n}\n\n@media (min-width: 992px) {\n\t#oneColumnContent__block_4f02c909000b5e06f4a99fd5289f7ac8 {\n\t\tpadding-top: 20px;\n\t\tpadding-bottom: 20px;\n\t}\n}\n<\/style>\n\n<div id=\"\">\n\t<div id=\"oneColumnContent__block_4f02c909000b5e06f4a99fd5289f7ac8\" class=\"o-oneColumnContent background content -blue10 -light\" data-col=\"col-lg-6 offset-lg-3\">\n\t\t<div class=\"container\">\n\t\t  \n\t\t<div class=\"row\">\n\t\t  <div class=\"col-12 col-lg-6 offset-lg-3\">\n\t\t\t\t<h2 class=\"m-oneColumnContent__title\" data-aos=\"fade-up\"><\/h2>\n\t\t\t\t\t\t\t\t\t\t  <\/div>\n\t\t<\/div>\n\n\t\t<\/div>\n\t<\/div>\n<\/div>","protected":false},"excerpt":{"rendered":"","protected":false},"author":7,"featured_media":0,"parent":0,"menu_order":0,"comment_status":"closed","ping_status":"closed","template":"","meta":{"_acf_changed":false,"footnotes":""},"ppma_author":[135],"class_list":["post-2008","page","type-page","status-publish","hentry","author-abhirup"],"acf":[],"yoast_head":"<!-- This site is optimized with the Yoast SEO plugin v27.5 - https:\/\/yoast.com\/product\/yoast-seo-wordpress\/ -->\n<title>Quienes somos | Forbrain<\/title>\n<meta name=\"description\" content=\"Sound for Life es una empresa de neurotecnolog\u00eda que ayuda a personas de todas las edades y habilidades a desarrollar todo su potencial cognitivo.\" \/>\n<meta name=\"robots\" content=\"index, follow, max-snippet:-1, max-image-preview:large, max-video-preview:-1\" \/>\n<link rel=\"canonical\" href=\"https:\/\/www.forbrain.com\/es\/quienes-somos\/\" \/>\n<meta property=\"og:locale\" content=\"es_ES\" \/>\n<meta property=\"og:type\" content=\"article\" \/>\n<meta property=\"og:title\" content=\"Quienes somos | Forbrain\" \/>\n<meta property=\"og:description\" content=\"Sound for Life es una empresa de neurotecnolog\u00eda que ayuda a personas de todas las edades y habilidades a desarrollar todo su potencial cognitivo.\" \/>\n<meta property=\"og:url\" content=\"https:\/\/www.forbrain.com\/es\/quienes-somos\/\" \/>\n<meta property=\"og:site_name\" content=\"Forbrain\" \/>\n<meta property=\"article:modified_time\" content=\"2025-09-19T13:15:49+00:00\" \/>\n<meta name=\"twitter:card\" content=\"summary_large_image\" \/>\n<meta name=\"twitter:label1\" content=\"Tiempo de lectura\" \/>\n\t<meta name=\"twitter:data1\" content=\"1 minuto\" \/>\n<script type=\"application\/ld+json\" class=\"yoast-schema-graph\">{\"@context\":\"https:\\\/\\\/schema.org\",\"@graph\":[{\"@type\":\"WebPage\",\"@id\":\"https:\\\/\\\/www.forbrain.com\\\/es\\\/quienes-somos\\\/\",\"url\":\"https:\\\/\\\/www.forbrain.com\\\/es\\\/quienes-somos\\\/\",\"name\":\"Quienes somos | Forbrain\",\"isPartOf\":{\"@id\":\"https:\\\/\\\/www.forbrain.com\\\/es\\\/#website\"},\"datePublished\":\"2021-06-08T08:56:43+00:00\",\"dateModified\":\"2025-09-19T13:15:49+00:00\",\"description\":\"Sound for Life es una empresa de neurotecnolog\u00eda que ayuda a personas de todas las edades y habilidades a desarrollar todo su potencial cognitivo.\",\"breadcrumb\":{\"@id\":\"https:\\\/\\\/www.forbrain.com\\\/es\\\/quienes-somos\\\/#breadcrumb\"},\"inLanguage\":\"es\",\"potentialAction\":[{\"@type\":\"ReadAction\",\"target\":[\"https:\\\/\\\/www.forbrain.com\\\/es\\\/quienes-somos\\\/\"]}]},{\"@type\":\"BreadcrumbList\",\"@id\":\"https:\\\/\\\/www.forbrain.com\\\/es\\\/quienes-somos\\\/#breadcrumb\",\"itemListElement\":[{\"@type\":\"ListItem\",\"position\":1,\"name\":\"Inicio\",\"item\":\"https:\\\/\\\/www.forbrain.com\\\/es\\\/\"},{\"@type\":\"ListItem\",\"position\":2,\"name\":\"Quienes somos | Forbrain\"}]},{\"@type\":\"WebSite\",\"@id\":\"https:\\\/\\\/www.forbrain.com\\\/es\\\/#website\",\"url\":\"https:\\\/\\\/www.forbrain.com\\\/es\\\/\",\"name\":\"Forbrain\",\"description\":\"\",\"publisher\":{\"@id\":\"https:\\\/\\\/www.forbrain.com\\\/es\\\/#organization\"},\"potentialAction\":[{\"@type\":\"SearchAction\",\"target\":{\"@type\":\"EntryPoint\",\"urlTemplate\":\"https:\\\/\\\/www.forbrain.com\\\/es\\\/?s={search_term_string}\"},\"query-input\":{\"@type\":\"PropertyValueSpecification\",\"valueRequired\":true,\"valueName\":\"search_term_string\"}}],\"inLanguage\":\"es\"},{\"@type\":\"Organization\",\"@id\":\"https:\\\/\\\/www.forbrain.com\\\/es\\\/#organization\",\"name\":\"Forbrain\",\"url\":\"https:\\\/\\\/www.forbrain.com\\\/es\\\/\",\"logo\":{\"@type\":\"ImageObject\",\"inLanguage\":\"es\",\"@id\":\"https:\\\/\\\/www.forbrain.com\\\/es\\\/#\\\/schema\\\/logo\\\/image\\\/\",\"url\":\"https:\\\/\\\/www.forbrain.com\\\/wp-content\\\/uploads\\\/2024\\\/12\\\/Blue_Forbrain_Logo-copy-1.svg\",\"contentUrl\":\"https:\\\/\\\/www.forbrain.com\\\/wp-content\\\/uploads\\\/2024\\\/12\\\/Blue_Forbrain_Logo-copy-1.svg\",\"caption\":\"Forbrain\"},\"image\":{\"@id\":\"https:\\\/\\\/www.forbrain.com\\\/es\\\/#\\\/schema\\\/logo\\\/image\\\/\"}}]}<\/script>\n<!-- \/ Yoast SEO plugin. -->","yoast_head_json":{"title":"Quienes somos | Forbrain","description":"Sound for Life es una empresa de neurotecnolog\u00eda que ayuda a personas de todas las edades y habilidades a desarrollar todo su potencial cognitivo.","robots":{"index":"index","follow":"follow","max-snippet":"max-snippet:-1","max-image-preview":"max-image-preview:large","max-video-preview":"max-video-preview:-1"},"canonical":"https:\/\/www.forbrain.com\/es\/quienes-somos\/","og_locale":"es_ES","og_type":"article","og_title":"Quienes somos | Forbrain","og_description":"Sound for Life es una empresa de neurotecnolog\u00eda que ayuda a personas de todas las edades y habilidades a desarrollar todo su potencial cognitivo.","og_url":"https:\/\/www.forbrain.com\/es\/quienes-somos\/","og_site_name":"Forbrain","article_modified_time":"2025-09-19T13:15:49+00:00","twitter_card":"summary_large_image","twitter_misc":{"Tiempo de lectura":"1 minuto"},"schema":{"@context":"https:\/\/schema.org","@graph":[{"@type":"WebPage","@id":"https:\/\/www.forbrain.com\/es\/quienes-somos\/","url":"https:\/\/www.forbrain.com\/es\/quienes-somos\/","name":"Quienes somos | Forbrain","isPartOf":{"@id":"https:\/\/www.forbrain.com\/es\/#website"},"datePublished":"2021-06-08T08:56:43+00:00","dateModified":"2025-09-19T13:15:49+00:00","description":"Sound for Life es una empresa de neurotecnolog\u00eda que ayuda a personas de todas las edades y habilidades a desarrollar todo su potencial cognitivo.","breadcrumb":{"@id":"https:\/\/www.forbrain.com\/es\/quienes-somos\/#breadcrumb"},"inLanguage":"es","potentialAction":[{"@type":"ReadAction","target":["https:\/\/www.forbrain.com\/es\/quienes-somos\/"]}]},{"@type":"BreadcrumbList","@id":"https:\/\/www.forbrain.com\/es\/quienes-somos\/#breadcrumb","itemListElement":[{"@type":"ListItem","position":1,"name":"Inicio","item":"https:\/\/www.forbrain.com\/es\/"},{"@type":"ListItem","position":2,"name":"Quienes somos | Forbrain"}]},{"@type":"WebSite","@id":"https:\/\/www.forbrain.com\/es\/#website","url":"https:\/\/www.forbrain.com\/es\/","name":"Forbrain","description":"","publisher":{"@id":"https:\/\/www.forbrain.com\/es\/#organization"},"potentialAction":[{"@type":"SearchAction","target":{"@type":"EntryPoint","urlTemplate":"https:\/\/www.forbrain.com\/es\/?s={search_term_string}"},"query-input":{"@type":"PropertyValueSpecification","valueRequired":true,"valueName":"search_term_string"}}],"inLanguage":"es"},{"@type":"Organization","@id":"https:\/\/www.forbrain.com\/es\/#organization","name":"Forbrain","url":"https:\/\/www.forbrain.com\/es\/","logo":{"@type":"ImageObject","inLanguage":"es","@id":"https:\/\/www.forbrain.com\/es\/#\/schema\/logo\/image\/","url":"https:\/\/www.forbrain.com\/wp-content\/uploads\/2024\/12\/Blue_Forbrain_Logo-copy-1.svg","contentUrl":"https:\/\/www.forbrain.com\/wp-content\/uploads\/2024\/12\/Blue_Forbrain_Logo-copy-1.svg","caption":"Forbrain"},"image":{"@id":"https:\/\/www.forbrain.com\/es\/#\/schema\/logo\/image\/"}}]}},"_links":{"self":[{"href":"https:\/\/www.forbrain.com\/es\/wp-json\/wp\/v2\/pages\/2008","targetHints":{"allow":["GET"]}}],"collection":[{"href":"https:\/\/www.forbrain.com\/es\/wp-json\/wp\/v2\/pages"}],"about":[{"href":"https:\/\/www.forbrain.com\/es\/wp-json\/wp\/v2\/types\/page"}],"author":[{"embeddable":true,"href":"https:\/\/www.forbrain.com\/es\/wp-json\/wp\/v2\/users\/7"}],"replies":[{"embeddable":true,"href":"https:\/\/www.forbrain.com\/es\/wp-json\/wp\/v2\/comments?post=2008"}],"version-history":[{"count":34,"href":"https:\/\/www.forbrain.com\/es\/wp-json\/wp\/v2\/pages\/2008\/revisions"}],"predecessor-version":[{"id":25955,"href":"https:\/\/www.forbrain.com\/es\/wp-json\/wp\/v2\/pages\/2008\/revisions\/25955"}],"wp:attachment":[{"href":"https:\/\/www.forbrain.com\/es\/wp-json\/wp\/v2\/media?parent=2008"}],"wp:term":[{"taxonomy":"author","embeddable":true,"href":"https:\/\/www.forbrain.com\/es\/wp-json\/wp\/v2\/ppma_author?post=2008"}],"curies":[{"name":"wp","href":"https:\/\/api.w.org\/{rel}","templated":true}]}}