{"id":26578,"date":"2021-05-24T09:35:16","date_gmt":"2021-05-24T09:35:16","guid":{"rendered":"https:\/\/www.forbrain.com\/returns\/"},"modified":"2026-03-03T09:05:59","modified_gmt":"2026-03-03T09:05:59","slug":"returns","status":"publish","type":"page","link":"https:\/\/www.forbrain.com\/de\/returns\/","title":{"rendered":"Garantie &amp; Retouren"},"content":{"rendered":"\n<style type=\"text\/css\">\n#banner__block_dd7f9fa88a20d35a1e138fbdb97def53 {\n\t\tpadding-top: 66px;\n\tpadding-bottom: 50px;\n}\n\n@media (min-width: 992px) {\n\t#banner__block_dd7f9fa88a20d35a1e138fbdb97def53 {\n\t\tpadding-top: 213px;\n\t\tpadding-bottom: 100px;\n\t}\n}\n<\/style>\n\n<div id=\"banner__block_dd7f9fa88a20d35a1e138fbdb97def53\" class=\"o-banner background content -button -dark\">\n\t<div class=\"container\">\n\t\t\t<div class=\"row\">\n\t\t\t\t<div class=\"col-12\">\n\t\t\t\t\t<h1>Garantie &#038; Retouren<\/h1>\n\t\t\t\t<\/div>\n\t\t\t<\/div>\n\t<\/div>\n<\/div>\n\n\n<style type=\"text\/css\">\n#richtext__block_8a16ea6c33b409fce0a468538012991a {\n\tpadding-top: 30px;\n\tpadding-bottom: 10px;\n}\n\n@media (min-width: 992px) {\n\t#richtext__block_8a16ea6c33b409fce0a468538012991a {\n\t\tpadding-top: 80px;\n\t\tpadding-bottom: 20px;\n\t}\n}\n<\/style>\n\n<div id=\"richtext__block_8a16ea6c33b409fce0a468538012991a\" class=\"o-richtext background content -white -light\">\n\t<div class=\"container\">\n\t\t\t<div class=\"row\">\n\t\t\t\t<div class=\"col-12\">\n\t\t\t\t\t<div class=\"m-richtext__content\">\n\t\t\t\t\t\t<h5><span style=\"color: #0199d6;\">30-day money back guarantee<\/span><\/h5>\n<p>Forbrain bietet eine 30-t\u00e4gige Geld-zur\u00fcck-Garantie. Forbrain bietet eine 30-t\u00e4gige Geld-zur\u00fcck-Garantie. Sollten Sie das Forbrain-Headset aus irgendeinem Grund zur\u00fcckgeben wollen, teilen Sie uns dies bitte innerhalb von 30 Kalendertagen nach Erhalt des Produkts mit, und wir erstatten Ihnen den vollen Kaufpreis. Um den Retourvorgang einzuleiten, f\u00fcllen Sie bitte das untenstehende Formular zur 30-t\u00e4gigen Geld-zur\u00fcck-Garantie aus.<\/p>\n<h5><span style=\"color: #0199d6;\">2 Jahre beschr\u00e4nkte Garantie<br \/>\n<\/span><\/h5>\n<p>Forbrain bietet eine 2-j\u00e4hrige beschr\u00e4nkte Garantie, die den normalen Gebrauch durch den Erstnutzer oder K\u00e4ufer des Produkts abdeckt. Sound for Life Ltd garantiert dem Erstk\u00e4ufer oder Nutzer, dass das Forbrain-Ger\u00e4t frei von Verarbeitungs- und Materialfehlern ist. Sollte w\u00e4hrend der Lebensdauer des Produkts festgestellt werden, dass es nicht dieser Garantie entspricht, ausgenommen Sch\u00e4den durch Wasser, Feuer, \u00fcberm\u00e4\u00dfige Hitze oder K\u00e4lte, Manipulation, unsachgem\u00e4\u00dfe Handhabung, Missbrauch oder Fehlgebrauch, wird Sound for Life Ltd nach unverz\u00fcglicher schriftlicher Benachrichtigung und R\u00fccksendung der defekten Produkte oder Teile diese M\u00e4ngel durch Reparatur oder Ersatz beheben.<\/p>\n\t\t\t\t\t<\/div>\n\t\t\t\t<\/div>\n\t\t\t<\/div>\n\t<\/div>\n<\/div>\n\n\n<style type=\"text\/css\">\n#tabs__block_ddf940d64d8e1c2b4e025590bd652e10 {\n\tpadding-top: 0px;\n\tpadding-bottom: 0px;\n}\n\n@media (min-width: 992px) {\n\t#tabs__block_ddf940d64d8e1c2b4e025590bd652e10 {\n\t\tpadding-top: 0px;\n\t\tpadding-bottom: 0px;\n\t}\n}\n<\/style>\n\n<div id=\"tabs__block_ddf940d64d8e1c2b4e025590bd652e10\" class=\"o-tabs background content -white -light\">\n\t<div class=\"container\">\n\t\t\t<div class=\"row\">\n\t\t\t\t<div class=\"col-12\">\n\t\t\t\t\t\t\t\t\t\t<ul class=\"nav nav-tabs m-tabs__label\" role=\"tablist\">\n\t\t\t\t\t\t\t\t\t\t\t\t<li class=\"nav-item\">\n\t\t\t\t\t\t\t<a class=\"nav-link active\" id=\"tab_0-tab\" data-toggle=\"tab\" href=\"#tab_0\" role=\"tab\" aria-controls=\"tab_0\" aria-selected=\"true\">30-Tage-Geld-zur\u00fcck-Garantie<\/a>\n\t\t\t\t\t\t<\/li>\n\t\t\t\t\t\t\t\t\t\t\t\t<li class=\"nav-item\">\n\t\t\t\t\t\t\t<a class=\"nav-link \" id=\"tab_1-tab\" data-toggle=\"tab\" href=\"#tab_1\" role=\"tab\" aria-controls=\"tab_1\" aria-selected=\"false\">Aktivieren Sie die 2-Jahres-Garantie<\/a>\n\t\t\t\t\t\t<\/li>\n\t\t\t\t\t\t\t\t\t\t\t<\/ul>\n\t\t\t\t\t\n\t\t\t\t\t\t\t\t\t\t<div class=\"tab-content m-tabs__content\">\n\t\t\t\t\t\t\t\t\t\t\t\t<div class=\"tab-pane fade show active\" id=\"tab_0\" role=\"tabpanel\" aria-labelledby=\"tab_0-tab\">\n\t\t\t\t\t\t\t<h5 style=\"color: #0199d6;\">Antrag auf vollst\u00e4ndige R\u00fcckerstattung (30-t\u00e4gige Geld-zur\u00fcck-Garantie):<\/h5>\n<p style=\"margin: 0;\">Bitte f\u00fcllen Sie dieses Formular aus, wenn Sie mit Forbrain unzufrieden sind und das Headset zur\u00fcckgeben und eine R\u00fcckerstattung erhalten m\u00f6chten. Diese Option steht nur f\u00fcr Bestellungen zur Verf\u00fcgung, die vor weniger als 30 Tagen eingegangen sind.<\/p>\n<p><!-- [if lte IE 8]>\n<script charset=\"utf-8\" type=\"text\/javascript\" src=\"\/\/js.hsforms.net\/forms\/v2-legacy.js\"><\/script>\n<![endif]--><br \/>\n<script charset=\"utf-8\" type=\"text\/javascript\" src=\"\/\/js.hsforms.net\/forms\/v2.js\"><\/script><br \/>\n<script>\n  hbspt.forms.create({\n\tregion: \"na1\",\n\tportalId: \"4540908\",\n\tformId: \"ad492654-5591-4fcb-bba6-6dd56d87e6cc\"\n});\n<\/script><\/p>\n\t\t\t\t\t\t<\/div>\n\t\t\t\t\t\t\t\t\t\t\t\t<div class=\"tab-pane fade show \" id=\"tab_1\" role=\"tabpanel\" aria-labelledby=\"tab_1-tab\">\n\t\t\t\t\t\t\t<h5 style=\"color: #0199d6;\">Antrag auf Reparatur meines Forbrain (2 Jahre Garantie):<\/h5>\n<p>Bitte f\u00fcllen Sie dieses Formular aus, wenn Ihr Forbrain-Headset unerwarteterweise nicht mehr funktioniert und Sie das Headset zur\u00fcckgeben und ein Ersatzger\u00e4t erhalten m\u00f6chten.<\/p>\n<p><!-- [if lte IE 8]>\n<script charset=\"utf-8\" type=\"text\/javascript\" src=\"\/\/js.hsforms.net\/forms\/v2-legacy.js\"><\/script>\n<![endif]--><br \/>\n<script charset=\"utf-8\" type=\"text\/javascript\" src=\"\/\/js.hsforms.net\/forms\/v2.js\"><\/script><br \/>\n<script>\n  hbspt.forms.create({\n\tregion: \"na1\",\n\tportalId: \"4540908\",\n\tformId: \"2cd55ac2-bfac-4aeb-82d5-1e307afd8f76\"\n});\n<\/script><\/p>\n\t\t\t\t\t\t<\/div>\n\t\t\t\t\t\t\t\t\t\t\t<\/div>\n\t\t\t\t\t\n\t\t\t\t<\/div>\n\t\t\t<\/div>\n\t<\/div>\n<\/div>\n\n\n<p><\/p>\n","protected":false},"excerpt":{"rendered":"","protected":false},"author":7,"featured_media":0,"parent":0,"menu_order":0,"comment_status":"closed","ping_status":"closed","template":"","meta":{"_acf_changed":false,"footnotes":""},"ppma_author":[135],"class_list":["post-26578","page","type-page","status-publish","hentry","author-abhirup"],"acf":[],"yoast_head":"<!-- This site is optimized with the Yoast SEO plugin v27.4 - https:\/\/yoast.com\/product\/yoast-seo-wordpress\/ -->\n<title>Garantie &amp; Retouren - Forbrain<\/title>\n<meta name=\"description\" content=\"Need help making a return? View our 30-day money back guarantee and warranty terms, or submit a return request here.\" \/>\n<meta name=\"robots\" content=\"index, follow, max-snippet:-1, max-image-preview:large, max-video-preview:-1\" \/>\n<link rel=\"canonical\" href=\"https:\/\/www.forbrain.com\/de\/returns\/\" \/>\n<meta property=\"og:locale\" content=\"de_DE\" \/>\n<meta property=\"og:type\" content=\"article\" \/>\n<meta property=\"og:title\" content=\"Garantie &amp; Retouren - Forbrain\" \/>\n<meta property=\"og:description\" content=\"Need help making a return? View our 30-day money back guarantee and warranty terms, or submit a return request here.\" \/>\n<meta property=\"og:url\" content=\"https:\/\/www.forbrain.com\/de\/returns\/\" \/>\n<meta property=\"og:site_name\" content=\"Forbrain\" \/>\n<meta property=\"article:modified_time\" content=\"2026-03-03T09:05:59+00:00\" \/>\n<meta name=\"twitter:card\" content=\"summary_large_image\" \/>\n<script type=\"application\/ld+json\" class=\"yoast-schema-graph\">{\"@context\":\"https:\\\/\\\/schema.org\",\"@graph\":[{\"@type\":\"WebPage\",\"@id\":\"https:\\\/\\\/www.forbrain.com\\\/de\\\/returns\\\/\",\"url\":\"https:\\\/\\\/www.forbrain.com\\\/de\\\/returns\\\/\",\"name\":\"Garantie &amp; Retouren - Forbrain\",\"isPartOf\":{\"@id\":\"https:\\\/\\\/www.forbrain.com\\\/de\\\/#website\"},\"datePublished\":\"2021-05-24T09:35:16+00:00\",\"dateModified\":\"2026-03-03T09:05:59+00:00\",\"description\":\"Need help making a return? View our 30-day money back guarantee and warranty terms, or submit a return request here.\",\"breadcrumb\":{\"@id\":\"https:\\\/\\\/www.forbrain.com\\\/de\\\/returns\\\/#breadcrumb\"},\"inLanguage\":\"de\",\"potentialAction\":[{\"@type\":\"ReadAction\",\"target\":[\"https:\\\/\\\/www.forbrain.com\\\/de\\\/returns\\\/\"]}]},{\"@type\":\"BreadcrumbList\",\"@id\":\"https:\\\/\\\/www.forbrain.com\\\/de\\\/returns\\\/#breadcrumb\",\"itemListElement\":[{\"@type\":\"ListItem\",\"position\":1,\"name\":\"Home\",\"item\":\"https:\\\/\\\/www.forbrain.com\\\/de\\\/\"},{\"@type\":\"ListItem\",\"position\":2,\"name\":\"Garantie &amp; Retouren\"}]},{\"@type\":\"WebSite\",\"@id\":\"https:\\\/\\\/www.forbrain.com\\\/de\\\/#website\",\"url\":\"https:\\\/\\\/www.forbrain.com\\\/de\\\/\",\"name\":\"Forbrain\",\"description\":\"\",\"potentialAction\":[{\"@type\":\"SearchAction\",\"target\":{\"@type\":\"EntryPoint\",\"urlTemplate\":\"https:\\\/\\\/www.forbrain.com\\\/de\\\/?s={search_term_string}\"},\"query-input\":{\"@type\":\"PropertyValueSpecification\",\"valueRequired\":true,\"valueName\":\"search_term_string\"}}],\"inLanguage\":\"de\"}]}<\/script>\n<!-- \/ Yoast SEO plugin. -->","yoast_head_json":{"title":"Garantie &amp; Retouren - Forbrain","description":"Need help making a return? View our 30-day money back guarantee and warranty terms, or submit a return request here.","robots":{"index":"index","follow":"follow","max-snippet":"max-snippet:-1","max-image-preview":"max-image-preview:large","max-video-preview":"max-video-preview:-1"},"canonical":"https:\/\/www.forbrain.com\/de\/returns\/","og_locale":"de_DE","og_type":"article","og_title":"Garantie &amp; Retouren - Forbrain","og_description":"Need help making a return? View our 30-day money back guarantee and warranty terms, or submit a return request here.","og_url":"https:\/\/www.forbrain.com\/de\/returns\/","og_site_name":"Forbrain","article_modified_time":"2026-03-03T09:05:59+00:00","twitter_card":"summary_large_image","schema":{"@context":"https:\/\/schema.org","@graph":[{"@type":"WebPage","@id":"https:\/\/www.forbrain.com\/de\/returns\/","url":"https:\/\/www.forbrain.com\/de\/returns\/","name":"Garantie &amp; Retouren - Forbrain","isPartOf":{"@id":"https:\/\/www.forbrain.com\/de\/#website"},"datePublished":"2021-05-24T09:35:16+00:00","dateModified":"2026-03-03T09:05:59+00:00","description":"Need help making a return? View our 30-day money back guarantee and warranty terms, or submit a return request here.","breadcrumb":{"@id":"https:\/\/www.forbrain.com\/de\/returns\/#breadcrumb"},"inLanguage":"de","potentialAction":[{"@type":"ReadAction","target":["https:\/\/www.forbrain.com\/de\/returns\/"]}]},{"@type":"BreadcrumbList","@id":"https:\/\/www.forbrain.com\/de\/returns\/#breadcrumb","itemListElement":[{"@type":"ListItem","position":1,"name":"Home","item":"https:\/\/www.forbrain.com\/de\/"},{"@type":"ListItem","position":2,"name":"Garantie &amp; Retouren"}]},{"@type":"WebSite","@id":"https:\/\/www.forbrain.com\/de\/#website","url":"https:\/\/www.forbrain.com\/de\/","name":"Forbrain","description":"","potentialAction":[{"@type":"SearchAction","target":{"@type":"EntryPoint","urlTemplate":"https:\/\/www.forbrain.com\/de\/?s={search_term_string}"},"query-input":{"@type":"PropertyValueSpecification","valueRequired":true,"valueName":"search_term_string"}}],"inLanguage":"de"}]}},"_links":{"self":[{"href":"https:\/\/www.forbrain.com\/de\/wp-json\/wp\/v2\/pages\/26578","targetHints":{"allow":["GET"]}}],"collection":[{"href":"https:\/\/www.forbrain.com\/de\/wp-json\/wp\/v2\/pages"}],"about":[{"href":"https:\/\/www.forbrain.com\/de\/wp-json\/wp\/v2\/types\/page"}],"author":[{"embeddable":true,"href":"https:\/\/www.forbrain.com\/de\/wp-json\/wp\/v2\/users\/7"}],"replies":[{"embeddable":true,"href":"https:\/\/www.forbrain.com\/de\/wp-json\/wp\/v2\/comments?post=26578"}],"version-history":[{"count":3,"href":"https:\/\/www.forbrain.com\/de\/wp-json\/wp\/v2\/pages\/26578\/revisions"}],"predecessor-version":[{"id":26585,"href":"https:\/\/www.forbrain.com\/de\/wp-json\/wp\/v2\/pages\/26578\/revisions\/26585"}],"wp:attachment":[{"href":"https:\/\/www.forbrain.com\/de\/wp-json\/wp\/v2\/media?parent=26578"}],"wp:term":[{"taxonomy":"author","embeddable":true,"href":"https:\/\/www.forbrain.com\/de\/wp-json\/wp\/v2\/ppma_author?post=26578"}],"curies":[{"name":"wp","href":"https:\/\/api.w.org\/{rel}","templated":true}]}}