{"id":26568,"date":"2024-03-13T08:27:04","date_gmt":"2024-03-13T08:27:04","guid":{"rendered":"https:\/\/www.forbrain.com\/schools-institutions-companies\/"},"modified":"2026-03-03T08:48:34","modified_gmt":"2026-03-03T08:48:34","slug":"schools-institutions-companies","status":"publish","type":"page","link":"https:\/\/www.forbrain.com\/de\/schools-institutions-companies\/","title":{"rendered":"Informationen zur Bestellung gr\u00f6\u00dferer Mengen f\u00fcr Schulen, Unternehmen und Institutionen"},"content":{"rendered":"\n<div class=\"wp-block-columns is-layout-flex wp-container-core-columns-is-layout-9d6595d7 wp-block-columns-is-layout-flex\">\n<div class=\"wp-block-column is-layout-flow wp-block-column-is-layout-flow\">\n<div class=\"wp-block-columns is-layout-flex wp-container-core-columns-is-layout-9d6595d7 wp-block-columns-is-layout-flex\">\n<div class=\"wp-block-column is-layout-flow wp-block-column-is-layout-flow\">\n<div style=\"height:100px\" aria-hidden=\"true\" class=\"wp-block-spacer\"><\/div>\n\n\n\n<style type=\"text\/css\">\n#richtext__block_28a1047a8cfb901130fccfb41c9f0c4a {\n\tpadding-top: px;\n\tpadding-bottom: px;\n}\n\n@media (min-width: 992px) {\n\t#richtext__block_28a1047a8cfb901130fccfb41c9f0c4a {\n\t\tpadding-top: px;\n\t\tpadding-bottom: px;\n\t}\n}\n<\/style>\n\n<div id=\"richtext__block_28a1047a8cfb901130fccfb41c9f0c4a\" class=\"o-richtext background content -white -light\">\n\t<div class=\"container\">\n\t\t\t<div class=\"row\">\n\t\t\t\t<div class=\"col-12\">\n\t\t\t\t\t<div class=\"m-richtext__content\">\n\t\t\t\t\t\t<h2 style=\"text-align: center; color: #000;\"><strong>Informationen zur Bestellung gr\u00f6\u00dferer Mengen f\u00fcr Schulen, Unternehmen und Institutionen<br \/>\n<\/strong><\/h2>\n\t\t\t\t\t<\/div>\n\t\t\t\t<\/div>\n\t\t\t<\/div>\n\t<\/div>\n<\/div><\/div>\n<\/div>\n\n\n\n<style type=\"text\/css\">\n#richtext__block_cb55c0f7ada031293788c5f167e418ae {\n\tpadding-top: px;\n\tpadding-bottom: px;\n}\n\n@media (min-width: 992px) {\n\t#richtext__block_cb55c0f7ada031293788c5f167e418ae {\n\t\tpadding-top: px;\n\t\tpadding-bottom: px;\n\t}\n}\n<\/style>\n\n<div id=\"richtext__block_cb55c0f7ada031293788c5f167e418ae\" class=\"o-richtext background content -white -light\">\n\t<div class=\"container\">\n\t\t\t<div class=\"row\">\n\t\t\t\t<div class=\"col-12\">\n\t\t\t\t\t<div class=\"m-richtext__content\">\n\t\t\t\t\t\t<p><span style=\"color: #0d0d0d;\"><span style=\"font-family: Roboto, serif;\"><span style=\"font-size: medium;\"><b>F\u00fcr Gro\u00dfabnehmer bieten wir einen speziellen, individuellen Service an. Wir sind uns bewusst, dass diese Kunden oft besondere Anforderungen und Prozesse haben, und wir geben unser Bestes, um ein au\u00dfergew\u00f6hnliches Ma\u00df an Kundenzufriedenheit zu gew\u00e4hrleisten.<br \/>\n<\/b><\/span><\/span><\/span><\/p>\n<p><span style=\"color: #0d0d0d;\"><span style=\"font-family: Roboto, serif;\"><span style=\"font-size: medium;\"><b>Erste Schritte<br \/>\n<\/b><\/span><\/span><\/span><\/p>\n<p><span style=\"color: #0d0d0d;\"><span style=\"font-family: Roboto, serif;\"><span style=\"font-size: medium;\">Viele Schulen, Unternehmen, Institutionen und andere Organisationen, die sich f\u00fcr Forbrain und\/oder Soundsory interessieren, profitieren davon, mit einem unserer regionalen Vertreter \u00fcber die gesamte Produktpalette, die Einsatzm\u00f6glichkeiten f\u00fcr Einzelpersonen, Sch\u00fcler und Familien sowie unsere Preisoptionen zu sprechen.<br \/>\n<\/span><\/span><\/span><\/p>\n<p><span style=\"color: #0d0d0d;\"><span style=\"font-family: Roboto, serif;\"><span style=\"font-size: medium;\">Kunden in den USA wenden sich bitte direkt per E-Mail an Frau Dominique Brewer unter<a href=\"dominique@forbrain.com\"> dominique@forbrain.com<\/a> oder <a href=\"dominique@soundsory.com\">dominique@soundsory.com<\/a> oder telefonisch oder per SMS unter 214-714-1352.<br \/>\n<\/span><\/span><\/span><u><\/u><\/p>\n<p><span style=\"color: #0d0d0d;\"><span style=\"font-family: Roboto, serif;\"><span style=\"font-size: medium;\">Kunden in anderen Teilen der Welt wenden sich bitte direkt per E-Mail an Herrn Abhi Maitra unter <a href=\"mailto:info@soundforlife.com\">info@soundforlife.com<\/a>.<\/p>\n<p><\/span><\/span><\/span><span style=\"color: #0d0d0d;\"><span style=\"font-family: Roboto, serif;\"><span style=\"font-size: medium;\"><b>Angebot einholen<br \/>\n<\/b><\/span><\/span><\/span><\/p>\n<p><span style=\"color: #0d0d0d;\"><span style=\"font-family: Roboto, serif;\"><span style=\"font-size: medium;\">Dominique und Abhi k\u00f6nnen Ihr Unternehmen durch die erforderlichen Schritte begleiten, damit wir Ihnen ein Angebot unterbreiten k\u00f6nnen, das optimal auf die Bed\u00fcrfnisse Ihres Unternehmens zugeschnitten ist.<br \/>\n<\/span><\/span><\/span><\/p>\n<p><span style=\"color: #0d0d0d;\"><span style=\"font-family: Roboto, serif;\"><span style=\"font-size: medium;\">Gerne bieten wir Ihnen f\u00fcr Gro\u00dfbestellungen <span style=\"text-decoration: underline;\">Staffelpreise<\/span> entsprechend der Bestellmenge an. Bitte besprechen Sie Ihre Optionen hinsichtlich Preis und Konditionen mit Dominique und Abhi.<br \/>\n<\/span><\/span><\/span><\/p>\n<h2><span style=\"color: #0d0d0d;\"><span style=\"font-family: Roboto, serif;\"><span style=\"font-size: medium;\"><b>Zahlung<br \/>\n<\/b><\/span><\/span><\/span><\/h2>\n<p><span style=\"color: #0d0d0d;\"><span style=\"font-family: Roboto, serif;\"><span style=\"font-size: medium;\">Wir akzeptieren verschiedene Zahlungsmethoden, einschlie\u00dflich Kreditkarten, PayPal und \u00dcberweisungen.<br \/>\n<\/span><\/span><\/span><\/p>\n<p><span style=\"color: #0d0d0d;\"><span style=\"font-family: Roboto, serif;\"><span style=\"font-size: medium;\">Gerne nehmen wir auch Bestellungen per Bestellnummer (Purchase Order) entgegen. F\u00fcr Organisationen mit Sitz in den USA stellen wir \u00fcber einen unserer autorisierten Vertriebspartner ein W9-Formular zur Verf\u00fcgung.<br \/>\n<\/span><\/span><\/span><\/p>\n<h2><span style=\"color: #0d0d0d;\"><span style=\"font-family: Roboto, serif;\"><span style=\"font-size: medium;\"><b>Versand<br \/>\n<\/b><\/span><\/span><\/span><\/h2>\n<ul>\n<li><span style=\"color: #0d0d0d;\"><span style=\"font-family: Roboto, serif;\"><span style=\"font-size: medium;\">USA oder Kanada: Die Bestellungen werden von unserem Lager in Traverse City, MI, versandt.<br \/>\n<\/span><\/span><\/span><\/li>\n<li><span style=\"color: #0d0d0d;\"><span style=\"font-family: Roboto, serif;\"><span style=\"font-size: medium;\">Europa: Die Bestellungen werden von unserem Lager in Luxemburg aus versandt.<br \/>\n<\/span><\/span><\/span><\/li>\n<li><span style=\"color: #0d0d0d;\"><span style=\"font-family: Roboto, serif;\"><span style=\"font-size: medium;\">Andere internationale Standorte: Bestellungen werden von unserem Lager in Hongkong aus versandt.<br \/>\n<\/span><\/span><\/span><\/li>\n<\/ul>\n<h2><span style=\"color: #0d0d0d;\"><span style=\"font-family: Roboto, serif;\"><span style=\"font-size: medium;\"><b>Kunden<br \/>\n<\/b><\/span><\/span><\/span><\/h2>\n<p><span style=\"color: #0d0d0d;\"><span style=\"font-family: Roboto, serif;\"><span style=\"font-size: medium;\">Wir arbeiten mit Schulen und Institutionen auf der ganzen Welt \u2013 einige davon stellen wir Ihnen hier vor:<\/span><\/span><\/span><\/p>\n<p>&nbsp;<\/p>\n\t\t\t\t\t<\/div>\n\t\t\t\t<\/div>\n\t\t\t<\/div>\n\t<\/div>\n<\/div><\/div>\n<\/div>\n\n\n\n<style type=\"text\/css\">\n#richtext__block_4dbc75f481e34ef286b5749110f0662e {\n\tpadding-top: px;\n\tpadding-bottom: px;\n}\n\n@media (min-width: 992px) {\n\t#richtext__block_4dbc75f481e34ef286b5749110f0662e {\n\t\tpadding-top: px;\n\t\tpadding-bottom: px;\n\t}\n}\n<\/style>\n\n<div id=\"richtext__block_4dbc75f481e34ef286b5749110f0662e\" class=\"o-richtext background content md_pictures -white -light\">\n\t<div class=\"container\">\n\t\t\t<div class=\"row\">\n\t\t\t\t<div class=\"col-12\">\n\t\t\t\t\t<div class=\"m-richtext__content\">\n\t\t\t\t\t\t<p><img loading=\"lazy\" decoding=\"async\" class=\"alignnone size-full wp-image-21270\" src=\"https:\/\/www.forbrain.com\/wp-content\/uploads\/2024\/03\/1.jpg\" alt=\"\" width=\"225\" height=\"225\" srcset=\"https:\/\/www.forbrain.com\/wp-content\/uploads\/2024\/03\/1.jpg 225w, https:\/\/www.forbrain.com\/wp-content\/uploads\/2024\/03\/1-150x150.jpg 150w, https:\/\/www.forbrain.com\/wp-content\/uploads\/2024\/03\/1-100x100.jpg 100w\" sizes=\"auto, (max-width: 225px) 100vw, 225px\" \/> <img loading=\"lazy\" decoding=\"async\" class=\"alignnone size-medium wp-image-21285\" src=\"https:\/\/www.forbrain.com\/wp-content\/uploads\/2024\/03\/4-300x167.jpg\" alt=\"\" width=\"300\" height=\"167\" srcset=\"https:\/\/www.forbrain.com\/wp-content\/uploads\/2024\/03\/4-300x167.jpg 300w, https:\/\/www.forbrain.com\/wp-content\/uploads\/2024\/03\/4.jpg 462w\" sizes=\"auto, (max-width: 300px) 100vw, 300px\" \/> <img loading=\"lazy\" decoding=\"async\" class=\"alignnone size-medium wp-image-21280\" src=\"https:\/\/www.forbrain.com\/wp-content\/uploads\/2024\/03\/3-300x76.jpg\" alt=\"\" width=\"300\" height=\"76\" srcset=\"https:\/\/www.forbrain.com\/wp-content\/uploads\/2024\/03\/3-300x76.jpg 300w, https:\/\/www.forbrain.com\/wp-content\/uploads\/2024\/03\/3.jpg 447w\" sizes=\"auto, (max-width: 300px) 100vw, 300px\" \/> <img loading=\"lazy\" decoding=\"async\" class=\"alignnone size-full wp-image-21275\" src=\"https:\/\/www.forbrain.com\/wp-content\/uploads\/2024\/03\/2.png\" alt=\"\" width=\"220\" height=\"230\" \/><\/p>\n\t\t\t\t\t<\/div>\n\t\t\t\t<\/div>\n\t\t\t<\/div>\n\t<\/div>\n<\/div>","protected":false},"excerpt":{"rendered":"","protected":false},"author":1,"featured_media":0,"parent":0,"menu_order":0,"comment_status":"closed","ping_status":"closed","template":"","meta":{"_acf_changed":false,"footnotes":""},"ppma_author":[134],"class_list":["post-26568","page","type-page","status-publish","hentry","author-admin"],"acf":[],"yoast_head":"<!-- This site is optimized with the Yoast SEO plugin v27.4 - https:\/\/yoast.com\/product\/yoast-seo-wordpress\/ -->\n<title>Informationen zur Bestellung gr\u00f6\u00dferer Mengen f\u00fcr Schulen, Unternehmen und Institutionen - Forbrain<\/title>\n<meta name=\"robots\" content=\"index, follow, max-snippet:-1, max-image-preview:large, max-video-preview:-1\" \/>\n<link rel=\"canonical\" href=\"https:\/\/www.forbrain.com\/de\/schools-institutions-companies\/\" \/>\n<meta property=\"og:locale\" content=\"de_DE\" \/>\n<meta property=\"og:type\" content=\"article\" \/>\n<meta property=\"og:title\" content=\"Informationen zur Bestellung gr\u00f6\u00dferer Mengen f\u00fcr Schulen, Unternehmen und Institutionen - Forbrain\" \/>\n<meta property=\"og:url\" content=\"https:\/\/www.forbrain.com\/de\/schools-institutions-companies\/\" \/>\n<meta property=\"og:site_name\" content=\"Forbrain\" \/>\n<meta property=\"article:modified_time\" content=\"2026-03-03T08:48:34+00:00\" \/>\n<meta name=\"twitter:card\" content=\"summary_large_image\" \/>\n<script type=\"application\/ld+json\" class=\"yoast-schema-graph\">{\"@context\":\"https:\\\/\\\/schema.org\",\"@graph\":[{\"@type\":\"WebPage\",\"@id\":\"https:\\\/\\\/www.forbrain.com\\\/de\\\/schools-institutions-companies\\\/\",\"url\":\"https:\\\/\\\/www.forbrain.com\\\/de\\\/schools-institutions-companies\\\/\",\"name\":\"Informationen zur Bestellung gr\u00f6\u00dferer Mengen f\u00fcr Schulen, Unternehmen und Institutionen - Forbrain\",\"isPartOf\":{\"@id\":\"https:\\\/\\\/www.forbrain.com\\\/de\\\/#website\"},\"datePublished\":\"2024-03-13T08:27:04+00:00\",\"dateModified\":\"2026-03-03T08:48:34+00:00\",\"breadcrumb\":{\"@id\":\"https:\\\/\\\/www.forbrain.com\\\/de\\\/schools-institutions-companies\\\/#breadcrumb\"},\"inLanguage\":\"de\",\"potentialAction\":[{\"@type\":\"ReadAction\",\"target\":[\"https:\\\/\\\/www.forbrain.com\\\/de\\\/schools-institutions-companies\\\/\"]}]},{\"@type\":\"BreadcrumbList\",\"@id\":\"https:\\\/\\\/www.forbrain.com\\\/de\\\/schools-institutions-companies\\\/#breadcrumb\",\"itemListElement\":[{\"@type\":\"ListItem\",\"position\":1,\"name\":\"Home\",\"item\":\"https:\\\/\\\/www.forbrain.com\\\/de\\\/\"},{\"@type\":\"ListItem\",\"position\":2,\"name\":\"Informationen zur Bestellung gr\u00f6\u00dferer Mengen f\u00fcr Schulen, Unternehmen und Institutionen\"}]},{\"@type\":\"WebSite\",\"@id\":\"https:\\\/\\\/www.forbrain.com\\\/de\\\/#website\",\"url\":\"https:\\\/\\\/www.forbrain.com\\\/de\\\/\",\"name\":\"Forbrain\",\"description\":\"\",\"potentialAction\":[{\"@type\":\"SearchAction\",\"target\":{\"@type\":\"EntryPoint\",\"urlTemplate\":\"https:\\\/\\\/www.forbrain.com\\\/de\\\/?s={search_term_string}\"},\"query-input\":{\"@type\":\"PropertyValueSpecification\",\"valueRequired\":true,\"valueName\":\"search_term_string\"}}],\"inLanguage\":\"de\"}]}<\/script>\n<!-- \/ Yoast SEO plugin. -->","yoast_head_json":{"title":"Informationen zur Bestellung gr\u00f6\u00dferer Mengen f\u00fcr Schulen, Unternehmen und Institutionen - Forbrain","robots":{"index":"index","follow":"follow","max-snippet":"max-snippet:-1","max-image-preview":"max-image-preview:large","max-video-preview":"max-video-preview:-1"},"canonical":"https:\/\/www.forbrain.com\/de\/schools-institutions-companies\/","og_locale":"de_DE","og_type":"article","og_title":"Informationen zur Bestellung gr\u00f6\u00dferer Mengen f\u00fcr Schulen, Unternehmen und Institutionen - Forbrain","og_url":"https:\/\/www.forbrain.com\/de\/schools-institutions-companies\/","og_site_name":"Forbrain","article_modified_time":"2026-03-03T08:48:34+00:00","twitter_card":"summary_large_image","schema":{"@context":"https:\/\/schema.org","@graph":[{"@type":"WebPage","@id":"https:\/\/www.forbrain.com\/de\/schools-institutions-companies\/","url":"https:\/\/www.forbrain.com\/de\/schools-institutions-companies\/","name":"Informationen zur Bestellung gr\u00f6\u00dferer Mengen f\u00fcr Schulen, Unternehmen und Institutionen - Forbrain","isPartOf":{"@id":"https:\/\/www.forbrain.com\/de\/#website"},"datePublished":"2024-03-13T08:27:04+00:00","dateModified":"2026-03-03T08:48:34+00:00","breadcrumb":{"@id":"https:\/\/www.forbrain.com\/de\/schools-institutions-companies\/#breadcrumb"},"inLanguage":"de","potentialAction":[{"@type":"ReadAction","target":["https:\/\/www.forbrain.com\/de\/schools-institutions-companies\/"]}]},{"@type":"BreadcrumbList","@id":"https:\/\/www.forbrain.com\/de\/schools-institutions-companies\/#breadcrumb","itemListElement":[{"@type":"ListItem","position":1,"name":"Home","item":"https:\/\/www.forbrain.com\/de\/"},{"@type":"ListItem","position":2,"name":"Informationen zur Bestellung gr\u00f6\u00dferer Mengen f\u00fcr Schulen, Unternehmen und Institutionen"}]},{"@type":"WebSite","@id":"https:\/\/www.forbrain.com\/de\/#website","url":"https:\/\/www.forbrain.com\/de\/","name":"Forbrain","description":"","potentialAction":[{"@type":"SearchAction","target":{"@type":"EntryPoint","urlTemplate":"https:\/\/www.forbrain.com\/de\/?s={search_term_string}"},"query-input":{"@type":"PropertyValueSpecification","valueRequired":true,"valueName":"search_term_string"}}],"inLanguage":"de"}]}},"_links":{"self":[{"href":"https:\/\/www.forbrain.com\/de\/wp-json\/wp\/v2\/pages\/26568","targetHints":{"allow":["GET"]}}],"collection":[{"href":"https:\/\/www.forbrain.com\/de\/wp-json\/wp\/v2\/pages"}],"about":[{"href":"https:\/\/www.forbrain.com\/de\/wp-json\/wp\/v2\/types\/page"}],"author":[{"embeddable":true,"href":"https:\/\/www.forbrain.com\/de\/wp-json\/wp\/v2\/users\/1"}],"replies":[{"embeddable":true,"href":"https:\/\/www.forbrain.com\/de\/wp-json\/wp\/v2\/comments?post=26568"}],"version-history":[{"count":2,"href":"https:\/\/www.forbrain.com\/de\/wp-json\/wp\/v2\/pages\/26568\/revisions"}],"predecessor-version":[{"id":26583,"href":"https:\/\/www.forbrain.com\/de\/wp-json\/wp\/v2\/pages\/26568\/revisions\/26583"}],"wp:attachment":[{"href":"https:\/\/www.forbrain.com\/de\/wp-json\/wp\/v2\/media?parent=26568"}],"wp:term":[{"taxonomy":"author","embeddable":true,"href":"https:\/\/www.forbrain.com\/de\/wp-json\/wp\/v2\/ppma_author?post=26568"}],"curies":[{"name":"wp","href":"https:\/\/api.w.org\/{rel}","templated":true}]}}