{"id":26546,"date":"2021-06-08T08:56:43","date_gmt":"2021-06-08T08:56:43","guid":{"rendered":"https:\/\/www.forbrain.com\/about-us\/"},"modified":"2026-03-02T15:29:09","modified_gmt":"2026-03-02T15:29:09","slug":"about-us","status":"publish","type":"page","link":"https:\/\/www.forbrain.com\/de\/about-us\/","title":{"rendered":"\u00dcber uns | Forbrain"},"content":{"rendered":"\n<style type=\"text\/css\">\n#hero__block_0a5bb64f847579456c4c43e83186a548 {\n\tpadding-top: 30px;\n\tpadding-bottom: px;\n}\n\n@media (min-width: 992px) {\n\t#hero__block_0a5bb64f847579456c4c43e83186a548 {\n\t\t\t\tbackground-image: url('https:\/\/www.forbrain.com\/wp-content\/uploads\/2021\/06\/abousus-banner.jpg');\n\t\tbackground-position: right center;\n\t\tbackground-size: cover;\n\t\t\t\tpadding-top: 100px;\n\t\tpadding-bottom: 115px;\n\t}\n}\n<\/style>\n\n<div id=\"hero__block_0a5bb64f847579456c4c43e83186a548\" class=\"o-hero background content -white\">\n\t<div class=\"container\">\n\n\t\t<div class=\"row\">\n\t\t\t<div class=\"col-12 col-lg-7\">\n\t\t\t\t<h1 class=\"m-hero__title\">Wir m\u00f6chten das Leben von Menschen weltweit bereichern.<\/h1>\n\t\t\t<\/div>\n\t\t<\/div>\n\n\t\t<div class=\"row\">\n\t\t\t<div class=\"col-12 col-lg-7\">\n\t\t\t\t<h5 class=\"m-hero__description\">Sound for Life ist ein f\u00fchrendes Neurotechnologie-Unternehmen, das Menschen aller Altersgruppen dabei unterst\u00fctzt, mithilfe von Hirnstimulation ihr volles Potenzial auszusch\u00f6pfen.<\/h5>\n\t\t\t\t\n\t\t\t\t<div class=\"m-hero__ctas\">\n\t\t\t\t\t\t\t\t\n\t\t\t\t\t\t\t\t<\/div>\n\t\t\t\t\n\t\t\t<\/div>\n\t\t<\/div>\n\n\t\t<div class=\"d-lg-none row\">\n\t\t\t\t\t\t<img decoding=\"async\" class=\"m-hero__imageMobile \" src=\"https:\/\/www.forbrain.com\/wp-content\/uploads\/2021\/06\/aboutus-banner-mobile.jpg\">\n\t\t\t\t\t<\/div>\n\n\t<\/div>\n<\/div>\n\n\r\n<style type=\"text\/css\">\r\n#stickyNav__block_d8dd07e52bc7c1e522e0e3b82d95c11b {\r\n\tpadding-top: 20px;\r\n\tpadding-bottom: 20px;\r\n}\r\n\r\n@media (min-width: 992px) {\r\n\t#stickyNav__block_d8dd07e52bc7c1e522e0e3b82d95c11b {\r\n\t\tpadding-top: 25px;\r\n\t\tpadding-bottom: 25px;\r\n\t}\r\n}\r\n<\/style>\r\n\r\n<div id=\"stickyNav__block_d8dd07e52bc7c1e522e0e3b82d95c11b\" class=\"o-stickyNav background content -blue -dark\">\r\n\t<div class=\"container\">\r\n\t\t<div class=\"m-stickyNav__wrap d-flex justify-content-center\">\r\n\t\t\t<nav class=\"m-stickyNav__nav\">\t\t\t\t\t\t<a class=\"stickyNav\" href=\"#our-company\">Unser Unternehmen<\/a>\r\n\t\t\t\t\t\t\t\t\t\t\t<a class=\"stickyNav\" href=\"#contact-us\">Kontakt<\/a>\r\n\t\t\t\t\t\t\t\t\t\t\t<a class=\"stickyNav\" href=\"#our-affiliate-program\">Unser Partnerprogramm<\/a>\r\n\t\t\t\t\t<\/nav>\t\t<\/div>\r\n\t<\/div>\r\n\r\n<\/div>\n\n\n<style type=\"text\/css\">\n.block_2a4e974e36a82b0f5f7d07b115bedf23 {\n\tpadding-top: 30px;\n\tpadding-bottom: 50px;\n}\n\t.block_2a4e974e36a82b0f5f7d07b115bedf23 .m-textAndImage__image  img{\n\t\tmax-width: 100% !important;\n\t}\n\n\n@media (min-width: 992px) {\n\t.block_2a4e974e36a82b0f5f7d07b115bedf23 {\n\t\tpadding-top: 100px;\n\t\tpadding-bottom: 30px;\n\t}\n}\n<\/style>\n\n\n<div id=\"our-company\" class=\"o-textAndImage background content -white  block_2a4e974e36a82b0f5f7d07b115bedf23 layoutV1 image-text\">\n\t<div class=\"container\">\n\t\t<div class=\"row\">\n\t\t\t<div class=\"col-12\">\n\t\t\t\t\t\t\t\t<h2 class=\"color -blue text-lg-center\">Unser Unternehmen<\/h2>\n\t\t\t\t\t\t\t<\/div>\n\t\t<\/div>\n\n\t\t<div class=\"row\">\n\t\t\n\t\t\t<div class=\"col-12 d-none\">\n\t\t\t\t<p class=\"overlineText color -blue\"><\/p>\n\t\t\t<\/div>\n\t\t\t\n\t\t\t<div class=\"col-12 col-lg-5 offset-lg-1 order-2 order-lg-2\">\n\t\t\t\t<div class=\"m-textAndImage__content\" data-aos=\"fade-left\">\n\t\t\t\t\t<p class=\"overlineText color -blue \"><\/p>\n\t\t\t\t\t<div class=\"m-textAndImage__richtext\">\n\t\t\t\t\t\t<p><a href=\"https:\/\/soundforlife.com\" target=\"_blank\" rel=\"noopener\">Sound for Life<\/a> wurde im Jahr 2014 von den Eigent\u00fcmern der Tomatis\u00ae-Methode, dem weltweit f\u00fchrenden Anbieter von auditiver Stimulation, mit dem Ziel gegr\u00fcndet, innovative, benutzerfreundliche und erschwingliche Produkte zur Hirnstimulation zu entwickeln und zu vermarkten. Tomatis ist unsere Praxisabteilung, die weltweit \u00fcber 3.000 Therapiezentren betreibt und Menschen mit Lernst\u00f6rungen Therapien nach der Tomatis\u00ae-Methode anbietet. Als Erg\u00e4nzung zu Tomatis bietet Sound for Life Anwendern erschwingliche und leicht zug\u00e4ngliche Technologien zur Hirnstimulation an.<\/p>\n<p>Unsere gemeinsame Mission ist es, Kindern, Jugendlichen und Erwachsenen auf der ganzen Welt dabei zu helfen, besser zu lernen und zu kommunizieren. W\u00e4hrend sich unser Hauptsitz in Hongkong befindet und unsere Forschung und Entwicklung in ganz Europa durchgef\u00fchrt wird, vereint uns ein gemeinsames Ziel: Wir m\u00f6chten es jedem Menschen, unabh\u00e4ngig von seiner Lebenssituation, erm\u00f6glichen, sein wahres Potenzial zu entfalten.<\/p>\n<p>Forbrain, ein leistungsstarkes, patentiertes Headset f\u00fcr Gehirntraining, war das erste Produkt unseres Unternehmens, gefolgt von Soundsory, einem Musik- und Bewegungsprogramm zur F\u00f6rderung der multisensorischen Integration. Als Pioniere im Bereich der Neurotechnologie betreiben wir kontinuierlich Forschung und Entwicklung, um Forbrain weiter zu verbessern und neue bahnbrechende Technologien auf den Markt zu bringen. In unserem<a href=\"https:\/\/www.soundforlife.com\/blog\"> Blog<\/a> k\u00f6nnen Sie sich \u00fcber unsere bevorstehenden Produktver\u00f6ffentlichungen auf dem Laufenden halten.<\/p>\n\t\t\t\t\t<\/div>\n\t\t\t\t<\/div>\n\t\t\t<\/div>\n\t\t\t<div class=\"col-12 col-lg-6 order-1 order-lg-1 mb-5 mb-lg-0\">\n\t\t\t\t<div class=\"m-textAndImage__image \" data-aos=\"fade-right\">\n\t\t\t\t\t\t\t\t\t\t\t<img class=\"fullwidth\" src='https:\/\/www.forbrain.com\/wp-content\/uploads\/2021\/06\/our-company.png' \/>\n\t\t\t\t\t\t\t\t\t\t\t\t\t\t\t\t\t\t\t\t\n\t\t\t\t<\/div>\n\t\t\t<\/div>\n\t\t<\/div>\n\t\n\t<\/div>\n\n<\/div>\n\n\n<div class=\"wp-block-buttons is-content-justification-center is-layout-flex wp-container-core-buttons-is-layout-16018d1d wp-block-buttons-is-layout-flex\">\n<div class=\"wp-block-button\"><a class=\"wp-block-button__link has-background wp-element-button\" href=\"https:\/\/soundforlife.com\/#offices\" style=\"background-color:#0199dc\">Unsere Niederlassungen und Vertriebspartner<\/a><\/div>\n<\/div>\n\n\n\n<div style=\"height:50px\" aria-hidden=\"true\" class=\"wp-block-spacer\"><\/div>\n\n\n\n<style type=\"text\/css\">\n#twoColumnTiles__block_9088714d187bc71c5b88d6688bef5dce {\n\tpadding-top: 30px;\n\tpadding-bottom: 40px;\n}\n\n#twoColumnTiles__block_9088714d187bc71c5b88d6688bef5dce .m-twoColumnTiles__title {\n\tcolor: #ffffff;\n}\n\n@media (min-width: 992px) {\n\t#twoColumnTiles__block_9088714d187bc71c5b88d6688bef5dce {\n\t\tpadding-top: 0px;\n\t\tpadding-bottom: 0px;\n\t}\n}\n<\/style>\n\n<div id=\"contact-us\">\n\t<div id=\"twoColumnTiles__block_9088714d187bc71c5b88d6688bef5dce\" class=\"o-twoColumnTiles content -dark image-text \" data-aos=\"fade-up\">\n\n\t\t<div class=\"container-fluid\">\n\t\t\t<div class=\"row\">\n\t\t\t\t<div class=\"col-12 col-lg-6 background -blue  order-2\">\n\t\t\t\t\t<div class=\"row\">\n\t\t\t\t\t\t<div class=\"col-12 d-none d-lg-block\">\n\t\t\t\t\t\t\t<div class=\"m-twoColumnTiles__container\">\n\t\t\t\t\t\t\t\t\t\t\t\t\t\t\t\t<h2 class=\"m-twoColumnTiles__title\">Kontakt<\/h2>\n\t\t\t\t\t\t\t\t\t\t\t\t\t\t\t\t<p class=\"m-twoColumnTiles__description\">M\u00f6chten Sie mit Sound for Life zusammenarbeiten? Wir begr\u00fc\u00dfen jederzeit neue Vertriebspartner. Bitte kontaktieren Sie uns noch heute, um mehr \u00fcber Kooperationsm\u00f6glichkeiten zu erfahren.<\/p>\n\t\t\t\t\t\t\t\t\t\t\t\t\t\t\t\t<a href=\"#\" class=\"button -secondary contactus_popup\">Kontakt aufnehmen<\/a>\n\t\t\t\t\t\t\t\t\t\t\t\t\t\t\t<\/div>\n\t\t\t\t\t\t<\/div>\n\t\t\t\t\t<\/div>\n\t\t\t\t<\/div>\n\n\t\t\t\t<div class=\"col-12 col-lg-6 background -white -imgCol order-1\">\n\t\t\t\t\t<div class=\"row\">\n\t\t\t\t\t\t<div class=\"m-twoColumnTiles__img w-100\" >\n\t\t\t\t\t\t\t<img decoding=\"async\" src=\"https:\/\/www.forbrain.com\/wp-content\/uploads\/2021\/06\/Forbrain_photo10128-FINAL.jpg\">\n\t\t\t\t\t\t<\/div>\n\t\t\t\t\t<\/div>\n\t\t\t\t<\/div>\n\t\t\t<\/div>\n\t\t<\/div>\n\n\t\t<div class=\"m-twoColumnTiles__container d-block d-lg-none\">\n\t\t\t<div class=\"container \">\n\t\t\t\t<div class=\"row\">\n\t\t\t\t\t<div class=\"col-12 col-lg-5\">\n\t\t\t\t\t\t<div class=\"m-twoColumnTiles__contentWrap background -blue\">\n\t\t\t\t\t\t\t\t\t\t\t\t\t\t<h2 class=\"m-twoColumnTiles__title\">Kontakt<\/h2>\n\t\t\t\t\t\t\t\t\t\t\t\t\t\t<p class=\"m-twoColumnTiles__description\">M\u00f6chten Sie mit Sound for Life zusammenarbeiten? Wir begr\u00fc\u00dfen jederzeit neue Vertriebspartner. Bitte kontaktieren Sie uns noch heute, um mehr \u00fcber Kooperationsm\u00f6glichkeiten zu erfahren.<\/p>\n\t\t\t\t\t\t\t\t\t\t\t\t\t\t<a href=\"#\" class=\"button -secondary contactus_popup\">Kontakt aufnehmen<\/a>\n\t\t\t\t\t\t\t\t\t\t\t\t\t<\/div>\n\t\t\t\t\t<\/div>\n\t\t\t\t<\/div>\n\t\t\t<\/div>\n\t\t<\/div>\n\t\t\n\t<\/div>\n<\/div>\n\n\n<style type=\"text\/css\">\n#twoColumnTiles__block_f0f03f09429fb249286fab97e1fda0b5 {\n\tpadding-top: 30px;\n\tpadding-bottom: 40px;\n}\n\n#twoColumnTiles__block_f0f03f09429fb249286fab97e1fda0b5 .m-twoColumnTiles__title {\n\tcolor: #ffffff;\n}\n\n@media (min-width: 992px) {\n\t#twoColumnTiles__block_f0f03f09429fb249286fab97e1fda0b5 {\n\t\tpadding-top: 0px;\n\t\tpadding-bottom: 0px;\n\t}\n}\n<\/style>\n\n<div id=\"our-affiliate-program\">\n\t<div id=\"twoColumnTiles__block_f0f03f09429fb249286fab97e1fda0b5\" class=\"o-twoColumnTiles content -dark text-image \" data-aos=\"fade-up\">\n\n\t\t<div class=\"container-fluid\">\n\t\t\t<div class=\"row\">\n\t\t\t\t<div class=\"col-12 col-lg-6 background -teal  order-1\">\n\t\t\t\t\t<div class=\"row\">\n\t\t\t\t\t\t<div class=\"col-12 d-none d-lg-block\">\n\t\t\t\t\t\t\t<div class=\"m-twoColumnTiles__container\">\n\t\t\t\t\t\t\t\t\t\t\t\t\t\t\t\t<h2 class=\"m-twoColumnTiles__title\">Unser Partnerprogramm<\/h2>\n\t\t\t\t\t\t\t\t\t\t\t\t\t\t\t\t<p class=\"m-twoColumnTiles__description\">M\u00f6chten Sie Forbrain an Kunden und Kollegen weiterempfehlen? <br><br>Mit dem Forbrain-Partnerprogramm k\u00f6nnen Sie Ihren Klienten Sonderrabatte anbieten, gleichzeitig die Erfolgsquote verbessern und Ihre Praxis finanziell unterst\u00fctzen. Werden Sie noch heute Teil unserer globalen Gemeinschaft von \u00fcber 7.000 Anwendern!<\/p>\n\t\t\t\t\t\t\t\t\t\t\t\t\t\t\t\t<a href=\"https:\/\/www.forbrain.com\/affiliates\/\" class=\"button -secondary \">Mehr erfahren<\/a>\n\t\t\t\t\t\t\t\t\t\t\t\t\t\t\t<\/div>\n\t\t\t\t\t\t<\/div>\n\t\t\t\t\t<\/div>\n\t\t\t\t<\/div>\n\n\t\t\t\t<div class=\"col-12 col-lg-6 background -white -imgCol order-2\">\n\t\t\t\t\t<div class=\"row\">\n\t\t\t\t\t\t<div class=\"m-twoColumnTiles__img w-100\" >\n\t\t\t\t\t\t\t<img decoding=\"async\" src=\"https:\/\/www.forbrain.com\/wp-content\/uploads\/2021\/06\/GettyImages-1167349902.jpg\">\n\t\t\t\t\t\t<\/div>\n\t\t\t\t\t<\/div>\n\t\t\t\t<\/div>\n\t\t\t<\/div>\n\t\t<\/div>\n\n\t\t<div class=\"m-twoColumnTiles__container d-block d-lg-none\">\n\t\t\t<div class=\"container \">\n\t\t\t\t<div class=\"row\">\n\t\t\t\t\t<div class=\"col-12 col-lg-5\">\n\t\t\t\t\t\t<div class=\"m-twoColumnTiles__contentWrap background -teal\">\n\t\t\t\t\t\t\t\t\t\t\t\t\t\t<h2 class=\"m-twoColumnTiles__title\">Unser Partnerprogramm<\/h2>\n\t\t\t\t\t\t\t\t\t\t\t\t\t\t<p class=\"m-twoColumnTiles__description\">M\u00f6chten Sie Forbrain an Kunden und Kollegen weiterempfehlen? <br><br>Mit dem Forbrain-Partnerprogramm k\u00f6nnen Sie Ihren Klienten Sonderrabatte anbieten, gleichzeitig die Erfolgsquote verbessern und Ihre Praxis finanziell unterst\u00fctzen. Werden Sie noch heute Teil unserer globalen Gemeinschaft von \u00fcber 7.000 Anwendern!<\/p>\n\t\t\t\t\t\t\t\t\t\t\t\t\t\t<a href=\"https:\/\/www.forbrain.com\/affiliates\/\" class=\"button -secondary \">Mehr erfahren<\/a>\n\t\t\t\t\t\t\t\t\t\t\t\t\t<\/div>\n\t\t\t\t\t<\/div>\n\t\t\t\t<\/div>\n\t\t\t<\/div>\n\t\t<\/div>\n\t\t\n\t<\/div>\n<\/div>\n\n\n<style type=\"text\/css\">\n#oneColumnContent__block_89c7b6e5e6ff36c8ca5ea99630cf04f2 {\n\tpadding-top: px;\n\tpadding-bottom: px;\n}\n\n#oneColumnContent__block_89c7b6e5e6ff36c8ca5ea99630cf04f2 .m-oneColumnContent__title {\n\tcolor: ;\n}\n\n@media (min-width: 992px) {\n\t#oneColumnContent__block_89c7b6e5e6ff36c8ca5ea99630cf04f2 {\n\t\tpadding-top: 20px;\n\t\tpadding-bottom: 20px;\n\t}\n}\n<\/style>\n\n<div id=\"\">\n\t<div id=\"oneColumnContent__block_89c7b6e5e6ff36c8ca5ea99630cf04f2\" class=\"o-oneColumnContent background content -blue10 -light\" data-col=\"col-lg-6 offset-lg-3\">\n\t\t<div class=\"container\">\n\t\t  \n\t\t<div class=\"row\">\n\t\t  <div class=\"col-12 col-lg-6 offset-lg-3\">\n\t\t\t\t<h2 class=\"m-oneColumnContent__title\" data-aos=\"fade-up\"><\/h2>\n\t\t\t\t\t\t\t\t\t\t  <\/div>\n\t\t<\/div>\n\n\t\t<\/div>\n\t<\/div>\n<\/div>","protected":false},"excerpt":{"rendered":"","protected":false},"author":7,"featured_media":0,"parent":0,"menu_order":0,"comment_status":"closed","ping_status":"closed","template":"","meta":{"_acf_changed":false,"footnotes":""},"ppma_author":[135],"class_list":["post-26546","page","type-page","status-publish","hentry","author-abhirup"],"acf":[],"yoast_head":"<!-- This site is optimized with the Yoast SEO plugin v27.4 - https:\/\/yoast.com\/product\/yoast-seo-wordpress\/ -->\n<title>\u00dcber uns | Forbrain<\/title>\n<meta name=\"description\" content=\"Sound for Life is a leading neurotechnology company helping people of all ages and abilities to develop their full cognitive potential.\" \/>\n<meta name=\"robots\" content=\"index, follow, max-snippet:-1, max-image-preview:large, max-video-preview:-1\" \/>\n<link rel=\"canonical\" href=\"https:\/\/www.forbrain.com\/de\/about-us\/\" \/>\n<meta property=\"og:locale\" content=\"de_DE\" \/>\n<meta property=\"og:type\" content=\"article\" \/>\n<meta property=\"og:title\" content=\"\u00dcber uns | Forbrain\" \/>\n<meta property=\"og:description\" content=\"Sound for Life is a leading neurotechnology company helping people of all ages and abilities to develop their full cognitive potential.\" \/>\n<meta property=\"og:url\" content=\"https:\/\/www.forbrain.com\/de\/about-us\/\" \/>\n<meta property=\"og:site_name\" content=\"Forbrain\" \/>\n<meta property=\"article:modified_time\" content=\"2026-03-02T15:29:09+00:00\" \/>\n<meta name=\"twitter:card\" content=\"summary_large_image\" \/>\n<meta name=\"twitter:label1\" content=\"Gesch\u00e4tzte Lesezeit\" \/>\n\t<meta name=\"twitter:data1\" content=\"1\u00a0Minute\" \/>\n<script type=\"application\/ld+json\" class=\"yoast-schema-graph\">{\"@context\":\"https:\\\/\\\/schema.org\",\"@graph\":[{\"@type\":\"WebPage\",\"@id\":\"https:\\\/\\\/www.forbrain.com\\\/de\\\/about-us\\\/\",\"url\":\"https:\\\/\\\/www.forbrain.com\\\/de\\\/about-us\\\/\",\"name\":\"\u00dcber uns | Forbrain\",\"isPartOf\":{\"@id\":\"https:\\\/\\\/www.forbrain.com\\\/de\\\/#website\"},\"datePublished\":\"2021-06-08T08:56:43+00:00\",\"dateModified\":\"2026-03-02T15:29:09+00:00\",\"description\":\"Sound for Life is a leading neurotechnology company helping people of all ages and abilities to develop their full cognitive potential.\",\"breadcrumb\":{\"@id\":\"https:\\\/\\\/www.forbrain.com\\\/de\\\/about-us\\\/#breadcrumb\"},\"inLanguage\":\"de\",\"potentialAction\":[{\"@type\":\"ReadAction\",\"target\":[\"https:\\\/\\\/www.forbrain.com\\\/de\\\/about-us\\\/\"]}]},{\"@type\":\"BreadcrumbList\",\"@id\":\"https:\\\/\\\/www.forbrain.com\\\/de\\\/about-us\\\/#breadcrumb\",\"itemListElement\":[{\"@type\":\"ListItem\",\"position\":1,\"name\":\"Home\",\"item\":\"https:\\\/\\\/www.forbrain.com\\\/de\\\/\"},{\"@type\":\"ListItem\",\"position\":2,\"name\":\"\u00dcber uns | Forbrain\"}]},{\"@type\":\"WebSite\",\"@id\":\"https:\\\/\\\/www.forbrain.com\\\/de\\\/#website\",\"url\":\"https:\\\/\\\/www.forbrain.com\\\/de\\\/\",\"name\":\"Forbrain\",\"description\":\"\",\"potentialAction\":[{\"@type\":\"SearchAction\",\"target\":{\"@type\":\"EntryPoint\",\"urlTemplate\":\"https:\\\/\\\/www.forbrain.com\\\/de\\\/?s={search_term_string}\"},\"query-input\":{\"@type\":\"PropertyValueSpecification\",\"valueRequired\":true,\"valueName\":\"search_term_string\"}}],\"inLanguage\":\"de\"}]}<\/script>\n<!-- \/ Yoast SEO plugin. -->","yoast_head_json":{"title":"\u00dcber uns | Forbrain","description":"Sound for Life is a leading neurotechnology company helping people of all ages and abilities to develop their full cognitive potential.","robots":{"index":"index","follow":"follow","max-snippet":"max-snippet:-1","max-image-preview":"max-image-preview:large","max-video-preview":"max-video-preview:-1"},"canonical":"https:\/\/www.forbrain.com\/de\/about-us\/","og_locale":"de_DE","og_type":"article","og_title":"\u00dcber uns | Forbrain","og_description":"Sound for Life is a leading neurotechnology company helping people of all ages and abilities to develop their full cognitive potential.","og_url":"https:\/\/www.forbrain.com\/de\/about-us\/","og_site_name":"Forbrain","article_modified_time":"2026-03-02T15:29:09+00:00","twitter_card":"summary_large_image","twitter_misc":{"Gesch\u00e4tzte Lesezeit":"1\u00a0Minute"},"schema":{"@context":"https:\/\/schema.org","@graph":[{"@type":"WebPage","@id":"https:\/\/www.forbrain.com\/de\/about-us\/","url":"https:\/\/www.forbrain.com\/de\/about-us\/","name":"\u00dcber uns | Forbrain","isPartOf":{"@id":"https:\/\/www.forbrain.com\/de\/#website"},"datePublished":"2021-06-08T08:56:43+00:00","dateModified":"2026-03-02T15:29:09+00:00","description":"Sound for Life is a leading neurotechnology company helping people of all ages and abilities to develop their full cognitive potential.","breadcrumb":{"@id":"https:\/\/www.forbrain.com\/de\/about-us\/#breadcrumb"},"inLanguage":"de","potentialAction":[{"@type":"ReadAction","target":["https:\/\/www.forbrain.com\/de\/about-us\/"]}]},{"@type":"BreadcrumbList","@id":"https:\/\/www.forbrain.com\/de\/about-us\/#breadcrumb","itemListElement":[{"@type":"ListItem","position":1,"name":"Home","item":"https:\/\/www.forbrain.com\/de\/"},{"@type":"ListItem","position":2,"name":"\u00dcber uns | Forbrain"}]},{"@type":"WebSite","@id":"https:\/\/www.forbrain.com\/de\/#website","url":"https:\/\/www.forbrain.com\/de\/","name":"Forbrain","description":"","potentialAction":[{"@type":"SearchAction","target":{"@type":"EntryPoint","urlTemplate":"https:\/\/www.forbrain.com\/de\/?s={search_term_string}"},"query-input":{"@type":"PropertyValueSpecification","valueRequired":true,"valueName":"search_term_string"}}],"inLanguage":"de"}]}},"_links":{"self":[{"href":"https:\/\/www.forbrain.com\/de\/wp-json\/wp\/v2\/pages\/26546","targetHints":{"allow":["GET"]}}],"collection":[{"href":"https:\/\/www.forbrain.com\/de\/wp-json\/wp\/v2\/pages"}],"about":[{"href":"https:\/\/www.forbrain.com\/de\/wp-json\/wp\/v2\/types\/page"}],"author":[{"embeddable":true,"href":"https:\/\/www.forbrain.com\/de\/wp-json\/wp\/v2\/users\/7"}],"replies":[{"embeddable":true,"href":"https:\/\/www.forbrain.com\/de\/wp-json\/wp\/v2\/comments?post=26546"}],"version-history":[{"count":6,"href":"https:\/\/www.forbrain.com\/de\/wp-json\/wp\/v2\/pages\/26546\/revisions"}],"predecessor-version":[{"id":26558,"href":"https:\/\/www.forbrain.com\/de\/wp-json\/wp\/v2\/pages\/26546\/revisions\/26558"}],"wp:attachment":[{"href":"https:\/\/www.forbrain.com\/de\/wp-json\/wp\/v2\/media?parent=26546"}],"wp:term":[{"taxonomy":"author","embeddable":true,"href":"https:\/\/www.forbrain.com\/de\/wp-json\/wp\/v2\/ppma_author?post=26546"}],"curies":[{"name":"wp","href":"https:\/\/api.w.org\/{rel}","templated":true}]}}